{"id":53942,"date":"2025-07-14T22:49:30","date_gmt":"2025-07-15T03:49:30","guid":{"rendered":"https:\/\/www.basler.com\/e%c2%b2-servicios-de-ingenieria\/diseno-del-sistema-electrico\/"},"modified":"2025-09-10T17:17:54","modified_gmt":"2025-09-10T22:17:54","slug":"diseno-del-sistema-electrico","status":"publish","type":"page","link":"https:\/\/www.basler.com\/es\/e%c2%b2-servicios-de-ingenieria\/diseno-del-sistema-electrico\/","title":{"rendered":"Dise\u00f1o del sistema el\u00e9ctrico"},"content":{"rendered":"<section  data-block-id=\"hammer_block_880a0b464ee06e72d3d48249504a25a1\" data-block=\"hero-background-image-text\" class=\"block block-hero-background-image-text hero-background-image-text spacing-top-default spacing-bottom-default style-compacto\">\t<div class=\"wrapper has-media full-width\">\r\n\t\t<div class=\"inner\">\r\n\t\t\t<figure id=\"hammer_component_69d0e1ced6e6f\" data-component=\"image\" class=\"component component-image image bg-image has-overlay\">\n        <picture class=\"picture\">\n            <img decoding=\"async\" width=\"1600\" height=\"1067\" src=\"https:\/\/www.basler.com\/wp-content\/uploads\/2025\/05\/iStock-173253021-1600x1067.jpg\" class=\"img\" alt=\"\" loading=\"lazy\" title=\"\" srcset=\"https:\/\/www.basler.com\/wp-content\/uploads\/2025\/05\/iStock-173253021-1600x1067.jpg 1600w, https:\/\/www.basler.com\/wp-content\/uploads\/2025\/05\/iStock-173253021-768x512.jpg 768w, https:\/\/www.basler.com\/wp-content\/uploads\/2025\/05\/iStock-173253021-1024x683.jpg 1024w, https:\/\/www.basler.com\/wp-content\/uploads\/2025\/05\/iStock-173253021-150x100.jpg 150w, https:\/\/www.basler.com\/wp-content\/uploads\/2025\/05\/iStock-173253021-414x276.jpg 414w, https:\/\/www.basler.com\/wp-content\/uploads\/2025\/05\/iStock-173253021-1920x1280.jpg 1920w\" sizes=\"auto, (max-width: 1600px) 100vw, 1600px\">        <\/picture>\n\n                    <figcaption class=\"caption\">Turbines of hydroelectricity power station generators inside the Hoover Dam fuel and power generation plant, Arizona, Nevada, USA.<\/figcaption>\n            <\/figure>\n\r\n\t\t\t\r\n\t\t\t<div class=\"content-wrapper\">\r\n\t\t\t\t<h1 id=\"hammer_component_69d0e1ced7486\" data-component=\"headline\" class=\"component component-headline headline title style-default\">Dise&ntilde;o del sistema el&eacute;ctrico<\/h1>\n\r\n\t\t\t\t<div class=\"text\">\r\n\t\t\t\t\t<div id=\"hammer_component_69d0e1ced7500\" data-component=\"rich-text\" class=\"component component-rich-text rich-text\"><p>Basler Services, filial al 100% de Basler Electric, ofrece soluciones integrales de dise&ntilde;o de sistemas el&eacute;ctricos adaptadas a aplicaciones industriales y de generaci&oacute;n de energ&iacute;a, como integraci&oacute;n de sistemas, excitaci&oacute;n y protecci&oacute;n de generadores, regulaci&oacute;n de tensi&oacute;n y controles de motores s&iacute;ncronos.<\/p>\n<\/div>\n\r\n\t\t\t\t\t\t\t\t\t\t\t<a id=\"hammer_component_69d0e1ced757b\" data-component=\"button\" class=\"component component-button button style-principal\" href=\"https:\/\/www.basler.com\/contact#provide-feedback\" target=\"\" title=\"Contacta con nosotros\" aria-label=\"Contacta con nosotros\">    <span class=\"button-wrapper\">\n                    <strong class=\"button-text\">Contacta con nosotros<\/strong>\n        \n                    <span class=\"icon-wrapper\" aria-hidden=\"true\">\n                <span class=\"button-icon\">\n                    <?xml version=\"1.0\" encoding=\"UTF-8\"?> <svg xmlns=\"http:\/\/www.w3.org\/2000\/svg\" width=\"8\" height=\"8\" viewbox=\"0 0 8 8\" fill=\"currentColor\"><path fill-rule=\"evenodd\" clip-rule=\"evenodd\" d=\"M7.25606 1.27007L0.526065 8L0 7.47393L6.73 0.743975H0.789112V0H8.00004V7.21087H7.25606V1.27007Z\" fill=\"currentColor\"><\/path><\/svg>                 <\/span>\n            <\/span>\n            <\/span>\n    <\/a>\n\t\t\t\t\t\t\t\t\t<\/div>\r\n\r\n\t\t\t<\/div>\r\n\t\t<\/div>\r\n\t<\/div>\r\n<\/section><section  data-block-id=\"hammer_block_d1862cada965e6a77fcfb431e00461b0\" data-block=\"listing-collapse\" class=\"block block-listing-collapse listing-collapse spacing-top-peque\u00f1o spacing-bottom-default\">    \t\t<header class=\"wrapper wrapper-top\">\n            <h2 id=\"hammer_component_69d0e1cf101ef\" data-component=\"headline\" class=\"component component-headline headline style-encabezamiento-h&eacute;roe\">E&sup2; Servicios de Ingenier&iacute;a<\/h2>\n            \t\t<\/header>\n    \n\t<div class=\"wrapper wrapper-bottom\">\n        \t\t\t<hr class=\"line\" role=\"presentation\"\/>\n\t\t\t<article class=\"post active\" tabindex=\"0\">\n                <figure id=\"hammer_component_69d0e1cf102a4\" data-component=\"image\" class=\"component component-image image\">\n        <picture class=\"picture\">\n            <img decoding=\"async\" width=\"3840\" height=\"2560\" src=\"https:\/\/www.basler.com\/wp-content\/uploads\/2025\/07\/Man_at_computer-e1752806672579.webp\" class=\"img\" alt=\"Man_at_computer\" loading=\"lazy\" title=\"\">        <\/picture>\n\n            <\/figure>\n\n\t\t\t\t<div class=\"content\">\n\t\t\t\t\t<div class=\"infos\">\n\t\t\t\t\t\t<h3 class=\"title\">Integraci\u00f3n y dise\u00f1o del sistema<\/h3>\n\n                        \t\t\t\t\t\t\t<p class=\"excerpt\">No se trata s\u00f3lo de instalar un nuevo equipo y configurar el Bucle PID: Se trata de integrar el sistema. Basler Services tiene experiencia en todo tipo de sistemas de generaci\u00f3n y en c\u00f3mo interconectar adecuadamente todos los elementos nuevos y antiguos para conseguir un sistema m\u00e1s fiable y eficiente. <\/p>\n                        \t\t\t\t\t<\/div>\n\n                    \t\t\t\t\t\t<div class=\"wrapper-button\">\n                            <a id=\"hammer_component_69d0e1cf107ba\" data-component=\"button\" class=\"component component-button button style-principal\" href=\"https:\/\/www.basler.com\/e2-engineering-services\/\" target=\"\" title=\"Saber m&aacute;s\" aria-label=\"Saber m&aacute;s\">    <span class=\"button-wrapper\">\n                    <strong class=\"button-text\">Saber m&aacute;s<\/strong>\n        \n                    <span class=\"icon-wrapper\" aria-hidden=\"true\">\n                <span class=\"button-icon\">\n                    <?xml version=\"1.0\" encoding=\"UTF-8\"?> <svg xmlns=\"http:\/\/www.w3.org\/2000\/svg\" width=\"8\" height=\"8\" viewbox=\"0 0 8 8\" fill=\"currentColor\"><path fill-rule=\"evenodd\" clip-rule=\"evenodd\" d=\"M7.25606 1.27007L0.526065 8L0 7.47393L6.73 0.743975H0.789112V0H8.00004V7.21087H7.25606V1.27007Z\" fill=\"currentColor\"><\/path><\/svg>                 <\/span>\n            <\/span>\n            <\/span>\n    <\/a>\n\t\t\t\t\t\t<\/div>\n                    \t\t\t\t<\/div>\n\t\t\t<\/article>\n        \t\t\t<hr class=\"line\" role=\"presentation\"\/>\n\t\t\t<article class=\"post \" tabindex=\"0\">\n                <figure id=\"hammer_component_69d0e1cf1092b\" data-component=\"image\" class=\"component component-image image\">\n        <picture class=\"picture\">\n            <img decoding=\"async\" width=\"3456\" height=\"4608\" src=\"https:\/\/www.basler.com\/wp-content\/uploads\/2025\/07\/excitation_system_engineers-e1752807099505.webp\" class=\"img\" alt=\"\" loading=\"lazy\" title=\"\">        <\/picture>\n\n            <\/figure>\n\n\t\t\t\t<div class=\"content\">\n\t\t\t\t\t<div class=\"infos\">\n\t\t\t\t\t\t<h3 class=\"title\">Sistemas de control y protecci\u00f3n de generadores<\/h3>\n\n                        \t\t\t\t\t\t\t<p class=\"excerpt\">El Especialista en Generadores de Basler Services realizar\u00e1 un estudio de los generadores para determinar qu\u00e9 se necesita para maximizar la eficacia operativa, aumentar la fiabilidad y reducir los costes. Nuestro Especialista en Generadores proporcionar\u00e1 la orientaci\u00f3n necesaria para ayudar a garantizar la viabilidad de los sistemas, los equipos y la seguridad del personal. <\/p>\n                        \t\t\t\t\t<\/div>\n\n                    \t\t\t\t\t\t<div class=\"wrapper-button\">\n                            <a id=\"hammer_component_69d0e1cf10e20\" data-component=\"button\" class=\"component component-button button style-principal\" href=\"https:\/\/www.basler.com\/service\/e2-engineering-generator-control-and-protection-systems\/\" target=\"\" title=\"Saber m&aacute;s\" aria-label=\"Saber m&aacute;s\">    <span class=\"button-wrapper\">\n                    <strong class=\"button-text\">Saber m&aacute;s<\/strong>\n        \n                    <span class=\"icon-wrapper\" aria-hidden=\"true\">\n                <span class=\"button-icon\">\n                    <?xml version=\"1.0\" encoding=\"UTF-8\"?> <svg xmlns=\"http:\/\/www.w3.org\/2000\/svg\" width=\"8\" height=\"8\" viewbox=\"0 0 8 8\" fill=\"currentColor\"><path fill-rule=\"evenodd\" clip-rule=\"evenodd\" d=\"M7.25606 1.27007L0.526065 8L0 7.47393L6.73 0.743975H0.789112V0H8.00004V7.21087H7.25606V1.27007Z\" fill=\"currentColor\"><\/path><\/svg>                 <\/span>\n            <\/span>\n            <\/span>\n    <\/a>\n\t\t\t\t\t\t<\/div>\n                    \t\t\t\t<\/div>\n\t\t\t<\/article>\n        \t\t\t<hr class=\"line\" role=\"presentation\"\/>\n\t\t\t<article class=\"post \" tabindex=\"0\">\n                <figure id=\"hammer_component_69d0e1cf10f96\" data-component=\"image\" class=\"component component-image image\">\n        <picture class=\"picture\">\n            <img decoding=\"async\" width=\"3840\" height=\"2160\" src=\"https:\/\/www.basler.com\/wp-content\/uploads\/2025\/07\/Head_of_project_holds_laptop-e1752807211868.webp\" class=\"img\" alt=\"\" loading=\"lazy\" title=\"\">        <\/picture>\n\n            <\/figure>\n\n\t\t\t\t<div class=\"content\">\n\t\t\t\t\t<div class=\"infos\">\n\t\t\t\t\t\t<h3 class=\"title\">Sistemas de excitaci\u00f3n de generadores y reguladores de tensi\u00f3n<\/h3>\n\n                        \t\t\t\t\t\t\t<p class=\"excerpt\">Las caracter\u00edsticas de la nueva interfaz digital de excitaci\u00f3n est\u00e1tica y regulador de tensi\u00f3n incluyen registro de datos (oscilograf\u00eda), grabaci\u00f3n de secuencias de eventos y analizadores din\u00e1micos del sistema en tiempo real. \u00c9stos pueden configurarse y accederse f\u00e1cilmente mediante un ordenador port\u00e1til y ayudan enormemente a probar el sistema y a solucionar problemas, como los causados por las perturbaciones del sistema. Ahora podemos registrar el rendimiento del sistema tanto antes como despu\u00e9s de cualquier perturbaci\u00f3n del sistema.  <\/p>\n                        \t\t\t\t\t<\/div>\n\n                    \t\t\t\t\t\t<div class=\"wrapper-button\">\n                            <a id=\"hammer_component_69d0e1cf11460\" data-component=\"button\" class=\"component component-button button style-principal\" href=\"https:\/\/www.basler.com\/service\/generator-excitation-systems-voltage-regulators\/\" target=\"\" title=\"Saber m&aacute;s\" aria-label=\"Saber m&aacute;s\">    <span class=\"button-wrapper\">\n                    <strong class=\"button-text\">Saber m&aacute;s<\/strong>\n        \n                    <span class=\"icon-wrapper\" aria-hidden=\"true\">\n                <span class=\"button-icon\">\n                    <?xml version=\"1.0\" encoding=\"UTF-8\"?> <svg xmlns=\"http:\/\/www.w3.org\/2000\/svg\" width=\"8\" height=\"8\" viewbox=\"0 0 8 8\" fill=\"currentColor\"><path fill-rule=\"evenodd\" clip-rule=\"evenodd\" d=\"M7.25606 1.27007L0.526065 8L0 7.47393L6.73 0.743975H0.789112V0H8.00004V7.21087H7.25606V1.27007Z\" fill=\"currentColor\"><\/path><\/svg>                 <\/span>\n            <\/span>\n            <\/span>\n    <\/a>\n\t\t\t\t\t\t<\/div>\n                    \t\t\t\t<\/div>\n\t\t\t<\/article>\n        \t\t\t<hr class=\"line\" role=\"presentation\"\/>\n\t\t\t<article class=\"post \" tabindex=\"0\">\n                <figure id=\"hammer_component_69d0e1cf115b5\" data-component=\"image\" class=\"component component-image image\">\n        <picture class=\"picture\">\n            <img decoding=\"async\" width=\"3840\" height=\"2555\" src=\"https:\/\/www.basler.com\/wp-content\/uploads\/2025\/07\/Engineering_people_plans_on_glass-e1752806650466.webp\" class=\"img\" alt=\"\" loading=\"lazy\" title=\"\">        <\/picture>\n\n            <\/figure>\n\n\t\t\t\t<div class=\"content\">\n\t\t\t\t\t<div class=\"infos\">\n\t\t\t\t\t\t<h3 class=\"title\">Sistemas de Control y Protecci\u00f3n del Motor de Sincronizaci\u00f3n o Condensador<\/h3>\n\n                        \t\t\t\t\t\t\t<p class=\"excerpt\">Nuestros ingenieros comprenden los requisitos espec\u00edficos asociados al control de motores s\u00edncronos y desarrollar\u00e1n un sistema completo de control de motores s\u00edncronos. Este sistema incluye el equipo necesario para acelerar el motor con seguridad y aplicar la tensi\u00f3n continua al campo giratorio en el momento adecuado para garantizar una sincronizaci\u00f3n r\u00e1pida, protegiendo al mismo tiempo el motor de sobrecargas, atascos, arranques y condiciones de fuera de frecuencia. <\/p>\n                        \t\t\t\t\t<\/div>\n\n                    \t\t\t\t\t\t<div class=\"wrapper-button\">\n                            <a id=\"hammer_component_69d0e1cf11a8e\" data-component=\"button\" class=\"component component-button button style-principal\" href=\"https:\/\/www.basler.com\/service\/sync-motor-condenser-control-and-protection-systems\/\" target=\"\" title=\"Saber m&aacute;s\" aria-label=\"Saber m&aacute;s\">    <span class=\"button-wrapper\">\n                    <strong class=\"button-text\">Saber m&aacute;s<\/strong>\n        \n                    <span class=\"icon-wrapper\" aria-hidden=\"true\">\n                <span class=\"button-icon\">\n                    <?xml version=\"1.0\" encoding=\"UTF-8\"?> <svg xmlns=\"http:\/\/www.w3.org\/2000\/svg\" width=\"8\" height=\"8\" viewbox=\"0 0 8 8\" fill=\"currentColor\"><path fill-rule=\"evenodd\" clip-rule=\"evenodd\" d=\"M7.25606 1.27007L0.526065 8L0 7.47393L6.73 0.743975H0.789112V0H8.00004V7.21087H7.25606V1.27007Z\" fill=\"currentColor\"><\/path><\/svg>                 <\/span>\n            <\/span>\n            <\/span>\n    <\/a>\n\t\t\t\t\t\t<\/div>\n                    \t\t\t\t<\/div>\n\t\t\t<\/article>\n        \t\t<hr class=\"line\" role=\"presentation\"\/>\n\t<\/div>\n    <\/section>","protected":false},"excerpt":{"rendered":"","protected":false},"author":1,"featured_media":0,"parent":53845,"menu_order":0,"comment_status":"closed","ping_status":"closed","template":"","meta":{"_acf_changed":false,"content-type":"","inline_featured_image":false,"ep_exclude_from_search":false,"footnotes":""},"class_list":["post-53942","page","type-page","status-publish","hentry"],"acf":[],"yoast_head":"<!-- This site is optimized with the Yoast SEO plugin v26.3 - https:\/\/yoast.com\/wordpress\/plugins\/seo\/ -->\n<title>Dise\u00f1o del sistema el\u00e9ctrico | Basler Electric<\/title>\n<meta name=\"robots\" content=\"index, follow, max-snippet:-1, max-image-preview:large, max-video-preview:-1\" \/>\n<link rel=\"canonical\" href=\"https:\/\/www.basler.com\/es\/e%c2%b2-servicios-de-ingenieria\/diseno-del-sistema-electrico\/\" \/>\n<meta property=\"og:locale\" content=\"es_ES\" \/>\n<meta property=\"og:type\" content=\"article\" \/>\n<meta property=\"og:title\" content=\"Dise\u00f1o del sistema el\u00e9ctrico | Basler Electric\" \/>\n<meta property=\"og:url\" content=\"https:\/\/www.basler.com\/es\/e%c2%b2-servicios-de-ingenieria\/diseno-del-sistema-electrico\/\" \/>\n<meta property=\"og:site_name\" content=\"Basler Electric\" \/>\n<meta property=\"article:modified_time\" content=\"2025-09-10T22:17:54+00:00\" \/>\n<meta property=\"og:image\" content=\"https:\/\/www.basler.com\/wp-content\/uploads\/2025\/07\/Basler-Default-Image.jpg\" \/>\n\t<meta property=\"og:image:width\" content=\"1920\" \/>\n\t<meta property=\"og:image:height\" content=\"1080\" \/>\n\t<meta property=\"og:image:type\" content=\"image\/jpeg\" \/>\n<meta name=\"twitter:card\" content=\"summary_large_image\" \/>\n<script type=\"application\/ld+json\" class=\"yoast-schema-graph\">{\"@context\":\"https:\/\/schema.org\",\"@graph\":[{\"@type\":\"WebPage\",\"@id\":\"https:\/\/www.basler.com\/es\/e%c2%b2-servicios-de-ingenieria\/diseno-del-sistema-electrico\/\",\"url\":\"https:\/\/www.basler.com\/es\/e%c2%b2-servicios-de-ingenieria\/diseno-del-sistema-electrico\/\",\"name\":\"Dise\u00f1o del sistema el\u00e9ctrico | Basler Electric\",\"isPartOf\":{\"@id\":\"https:\/\/catalog.basler.com\/#website\"},\"datePublished\":\"2025-07-15T03:49:30+00:00\",\"dateModified\":\"2025-09-10T22:17:54+00:00\",\"breadcrumb\":{\"@id\":\"https:\/\/www.basler.com\/es\/e%c2%b2-servicios-de-ingenieria\/diseno-del-sistema-electrico\/#breadcrumb\"},\"inLanguage\":\"es-ES\",\"potentialAction\":[{\"@type\":\"ReadAction\",\"target\":[\"https:\/\/www.basler.com\/es\/e%c2%b2-servicios-de-ingenieria\/diseno-del-sistema-electrico\/\"]}]},{\"@type\":\"BreadcrumbList\",\"@id\":\"https:\/\/www.basler.com\/es\/e%c2%b2-servicios-de-ingenieria\/diseno-del-sistema-electrico\/#breadcrumb\",\"itemListElement\":[{\"@type\":\"ListItem\",\"position\":1,\"name\":\"Home\",\"item\":\"https:\/\/sourceautosoftware.com\/es\/\"},{\"@type\":\"ListItem\",\"position\":2,\"name\":\"E\u00b2 Servicios de Ingenier\u00eda\",\"item\":\"https:\/\/basler.com\/es\/e%c2%b2-servicios-de-ingenieria\/\"},{\"@type\":\"ListItem\",\"position\":3,\"name\":\"Dise\u00f1o del sistema el\u00e9ctrico\"}]},{\"@type\":\"WebSite\",\"@id\":\"https:\/\/catalog.basler.com\/#website\",\"url\":\"https:\/\/catalog.basler.com\/\",\"name\":\"Basler Electric\",\"description\":\"\",\"publisher\":{\"@id\":\"https:\/\/catalog.basler.com\/#organization\"},\"potentialAction\":[{\"@type\":\"SearchAction\",\"target\":{\"@type\":\"EntryPoint\",\"urlTemplate\":\"https:\/\/catalog.basler.com\/?s={search_term_string}\"},\"query-input\":{\"@type\":\"PropertyValueSpecification\",\"valueRequired\":true,\"valueName\":\"search_term_string\"}}],\"inLanguage\":\"es-ES\"},{\"@type\":\"Organization\",\"@id\":\"https:\/\/catalog.basler.com\/#organization\",\"name\":\"Basler Electric\",\"url\":\"https:\/\/catalog.basler.com\/\",\"logo\":{\"@type\":\"ImageObject\",\"inLanguage\":\"es-ES\",\"@id\":\"https:\/\/catalog.basler.com\/#\/schema\/logo\/image\/\",\"url\":\"https:\/\/www.basler.com\/wp-content\/uploads\/2025\/10\/Basler-Logo-Favicon.png\",\"contentUrl\":\"https:\/\/www.basler.com\/wp-content\/uploads\/2025\/10\/Basler-Logo-Favicon.png\",\"width\":512,\"height\":512,\"caption\":\"Basler Electric\"},\"image\":{\"@id\":\"https:\/\/catalog.basler.com\/#\/schema\/logo\/image\/\"}}]}<\/script>\n<!-- \/ Yoast SEO plugin. -->","yoast_head_json":{"title":"Dise\u00f1o del sistema el\u00e9ctrico | Basler Electric","robots":{"index":"index","follow":"follow","max-snippet":"max-snippet:-1","max-image-preview":"max-image-preview:large","max-video-preview":"max-video-preview:-1"},"canonical":"https:\/\/www.basler.com\/es\/e%c2%b2-servicios-de-ingenieria\/diseno-del-sistema-electrico\/","og_locale":"es_ES","og_type":"article","og_title":"Dise\u00f1o del sistema el\u00e9ctrico | Basler Electric","og_url":"https:\/\/www.basler.com\/es\/e%c2%b2-servicios-de-ingenieria\/diseno-del-sistema-electrico\/","og_site_name":"Basler Electric","article_modified_time":"2025-09-10T22:17:54+00:00","og_image":[{"width":1920,"height":1080,"url":"https:\/\/www.basler.com\/wp-content\/uploads\/2025\/07\/Basler-Default-Image.jpg","type":"image\/jpeg"}],"twitter_card":"summary_large_image","schema":{"@context":"https:\/\/schema.org","@graph":[{"@type":"WebPage","@id":"https:\/\/www.basler.com\/es\/e%c2%b2-servicios-de-ingenieria\/diseno-del-sistema-electrico\/","url":"https:\/\/www.basler.com\/es\/e%c2%b2-servicios-de-ingenieria\/diseno-del-sistema-electrico\/","name":"Dise\u00f1o del sistema el\u00e9ctrico | Basler Electric","isPartOf":{"@id":"https:\/\/catalog.basler.com\/#website"},"datePublished":"2025-07-15T03:49:30+00:00","dateModified":"2025-09-10T22:17:54+00:00","breadcrumb":{"@id":"https:\/\/www.basler.com\/es\/e%c2%b2-servicios-de-ingenieria\/diseno-del-sistema-electrico\/#breadcrumb"},"inLanguage":"es-ES","potentialAction":[{"@type":"ReadAction","target":["https:\/\/www.basler.com\/es\/e%c2%b2-servicios-de-ingenieria\/diseno-del-sistema-electrico\/"]}]},{"@type":"BreadcrumbList","@id":"https:\/\/www.basler.com\/es\/e%c2%b2-servicios-de-ingenieria\/diseno-del-sistema-electrico\/#breadcrumb","itemListElement":[{"@type":"ListItem","position":1,"name":"Home","item":"https:\/\/sourceautosoftware.com\/es\/"},{"@type":"ListItem","position":2,"name":"E\u00b2 Servicios de Ingenier\u00eda","item":"https:\/\/basler.com\/es\/e%c2%b2-servicios-de-ingenieria\/"},{"@type":"ListItem","position":3,"name":"Dise\u00f1o del sistema el\u00e9ctrico"}]},{"@type":"WebSite","@id":"https:\/\/catalog.basler.com\/#website","url":"https:\/\/catalog.basler.com\/","name":"Basler Electric","description":"","publisher":{"@id":"https:\/\/catalog.basler.com\/#organization"},"potentialAction":[{"@type":"SearchAction","target":{"@type":"EntryPoint","urlTemplate":"https:\/\/catalog.basler.com\/?s={search_term_string}"},"query-input":{"@type":"PropertyValueSpecification","valueRequired":true,"valueName":"search_term_string"}}],"inLanguage":"es-ES"},{"@type":"Organization","@id":"https:\/\/catalog.basler.com\/#organization","name":"Basler Electric","url":"https:\/\/catalog.basler.com\/","logo":{"@type":"ImageObject","inLanguage":"es-ES","@id":"https:\/\/catalog.basler.com\/#\/schema\/logo\/image\/","url":"https:\/\/www.basler.com\/wp-content\/uploads\/2025\/10\/Basler-Logo-Favicon.png","contentUrl":"https:\/\/www.basler.com\/wp-content\/uploads\/2025\/10\/Basler-Logo-Favicon.png","width":512,"height":512,"caption":"Basler Electric"},"image":{"@id":"https:\/\/catalog.basler.com\/#\/schema\/logo\/image\/"}}]}},"_links":{"self":[{"href":"https:\/\/www.basler.com\/es\/wp-json\/wp\/v2\/pages\/53942","targetHints":{"allow":["GET"]}}],"collection":[{"href":"https:\/\/www.basler.com\/es\/wp-json\/wp\/v2\/pages"}],"about":[{"href":"https:\/\/www.basler.com\/es\/wp-json\/wp\/v2\/types\/page"}],"author":[{"embeddable":true,"href":"https:\/\/www.basler.com\/es\/wp-json\/wp\/v2\/users\/1"}],"replies":[{"embeddable":true,"href":"https:\/\/www.basler.com\/es\/wp-json\/wp\/v2\/comments?post=53942"}],"version-history":[{"count":1,"href":"https:\/\/www.basler.com\/es\/wp-json\/wp\/v2\/pages\/53942\/revisions"}],"predecessor-version":[{"id":53946,"href":"https:\/\/www.basler.com\/es\/wp-json\/wp\/v2\/pages\/53942\/revisions\/53946"}],"up":[{"embeddable":true,"href":"https:\/\/www.basler.com\/es\/wp-json\/wp\/v2\/pages\/53845"}],"wp:attachment":[{"href":"https:\/\/www.basler.com\/es\/wp-json\/wp\/v2\/media?parent=53942"}],"curies":[{"name":"wp","href":"https:\/\/api.w.org\/{rel}","templated":true}]}}