{"id":54057,"date":"2025-06-13T07:45:53","date_gmt":"2025-06-13T12:45:53","guid":{"rendered":"https:\/\/www.basler.com\/programas-de-calidad-y-certificaciones\/"},"modified":"2025-09-12T11:55:47","modified_gmt":"2025-09-12T16:55:47","slug":"programas-de-calidad-y-certificaciones","status":"publish","type":"page","link":"https:\/\/www.basler.com\/es\/programas-de-calidad-y-certificaciones\/","title":{"rendered":"Programas de calidad y certificaciones"},"content":{"rendered":"<section  data-block-id=\"hammer_block_82cee27a9e876f400d32b1afba3c2a8a\" data-block=\"text-2\" class=\"block block-text-2 text-2 bg-luz spacing-top-peque\u00f1o spacing-bottom-peque\u00f1o\">    <div class=\"wrapper\">\n                    <div class=\"headline-wrapper\">\n                <h2 id=\"hammer_component_69de97b446dee\" data-component=\"headline\" class=\"component component-headline headline style-default\">Programas de calidad y certificaciones<\/h2>\n            <\/div>\n        \n                    <div class=\"columns single-column\">\n                                    <div class=\"column\">\n                        <div id=\"hammer_component_69de97b446eeb\" data-component=\"rich-text\" class=\"component component-rich-text rich-text\"><p>La Pol&iacute;tica de Calidad de Basler Electric se aplica a todas sus instalaciones de fabricaci&oacute;n y utiliza el mismo sistema dise&ntilde;ado para cumplir con los requisitos necesarios para obtener la certificaci&oacute;n ISO.<\/p>\n<p><a href=\"https:\/\/www.basler.com\/wp-content\/uploads\/2025\/06\/AB100001.pdf\">Manual del sistema de calidad de Basler (Highland, Taylor)<\/a><\/p>\n<p>A trav&eacute;s de este sistema, Basler Electric<\/p>\n<ul>\n<li>Enfatiza la prevenci&oacute;n de problemas, la mejora continua de los procesos y el cumplimiento de procedimientos bien documentados que involucran a todos los empleados, proveedores y asociados.<\/li>\n<li>Abarca todas las fases de la planificaci&oacute;n de la calidad, los m&eacute;todos de auditor&iacute;a, los registros de calidad, las instrucciones de trabajo y los procedimientos de prueba e inspecci&oacute;n.<\/li>\n<li>Establece controles en toda la organizaci&oacute;n para garantizar el cumplimiento de los requisitos en todos los departamentos de la empresa.<\/li>\n<li>Garantiza el cumplimiento de los objetivos de calidad y minimiza la posibilidad de compromisos que podr&iacute;an afectar la calidad y confiabilidad del producto.<\/li>\n<li>Se compromete a proporcionar los recursos necesarios para mantener el sistema y los procesos asociados con la certificaci&oacute;n ISO.<\/li>\n<li>Se esfuerza por la mejora continua a trav&eacute;s de la gesti&oacute;n de la calidad.<\/li>\n<\/ul>\n<\/div>\n                    <\/div>\n                            <\/div>\n        \n            <\/div>\n    <\/section><section  data-block-id=\"hammer_block_c8731b4a949ac0f9220cc241f35e5fe7\" data-block=\"text-2\" class=\"block block-text-2 text-2 bg-luz spacing-top-peque\u00f1o spacing-bottom-peque\u00f1o\">    <div class=\"wrapper\">\n                    <div class=\"headline-wrapper\">\n                <h2 id=\"hammer_component_69de97b458d49\" data-component=\"headline\" class=\"component component-headline headline style-default\">Certificaciones ISO<\/h2>\n            <\/div>\n        \n                    <div class=\"columns single-column\">\n                                    <div class=\"column\">\n                        <div id=\"hammer_component_69de97b458dbf\" data-component=\"rich-text\" class=\"component component-rich-text rich-text\"><p>las instalaciones de Basler Electric en Highland, Illinois; Taylor, Texas; y Suzhou, China, han recibido la certificaci&oacute;n ISO 9001:2015. Haga clic en el enlace a continuaci&oacute;n para descargar copias en PDF del certificado ISO para cada instalaci&oacute;n. <\/p>\n<ul>\n<li><a href=\"https:\/\/www.basler.com\/wp-content\/uploads\/2025\/06\/C0487071-IS5.pdf\">Highland, Illinois, Estados Unidos<\/a><\/li>\n<li><a href=\"https:\/\/www.basler.com\/wp-content\/uploads\/2025\/06\/ChineseISO01242024.pdf\">Suzhou, China<\/a><\/li>\n<li><a href=\"https:\/\/www.basler.com\/wp-content\/uploads\/2025\/06\/C0487086-IS6.pdf\">Taylor, Texas, Estados Unidos<\/a><\/li>\n<\/ul>\n<\/div>\n                    <\/div>\n                            <\/div>\n        \n            <\/div>\n    <\/section><section  data-block-id=\"hammer_block_b98e708cbb9012cf50d1b84a20fd97f1\" data-block=\"text-2\" class=\"block block-text-2 text-2 bg-luz spacing-top-peque\u00f1o spacing-bottom-peque\u00f1o spacing-phone-top-peque\u00f1o spacing-phone-bottom-peque\u00f1o\">    <div class=\"wrapper\">\n                    <div class=\"headline-wrapper\">\n                <h2 id=\"hammer_component_69de97b459ed1\" data-component=\"headline\" class=\"component component-headline headline style-default\">Est&aacute;ndares de la agencia<\/h2>\n            <\/div>\n        \n                    <div class=\"columns single-column\">\n                                    <div class=\"column\">\n                        <div id=\"hammer_component_69de97b459f3d\" data-component=\"rich-text\" class=\"component component-rich-text rich-text\"><p>Los productos de Basler Electric cumplen con muchos est&aacute;ndares de agencias aplicables. Dependiendo de los requisitos de la aplicaci&oacute;n, geogr&aacute;ficos o del mercado, estos pueden incluir: <\/p>\n<\/div>\n                    <\/div>\n                            <\/div>\n        \n            <\/div>\n    <\/section><div  data-block-id=\"hammer_block_af38045802c9b86362ae8d65069abe0f\" data-block=\"container\" class=\"block block-container container\">\n<div  data-block-id=\"hammer_block_f220248889e57f11e6c16352c7159d1e\" data-block=\"media\" class=\"block block-media media\"><div id=\"hammer_component_69de97b463f61\" data-component=\"image-video\" class=\"component component-image-video image-video\"><figure id=\"hammer_component_69de97b463f88\" data-component=\"image\" class=\"component component-image image\">\n        <picture class=\"picture\">\n            <img fetchpriority=\"high\" decoding=\"async\" width=\"1920\" height=\"1080\" src=\"https:\/\/www.basler.com\/wp-content\/uploads\/2025\/07\/Untitled-17.png\" class=\"img\" alt=\"\" loading=\"eager\" title=\"\" srcset=\"https:\/\/www.basler.com\/wp-content\/uploads\/2025\/07\/Untitled-17.png 1920w, https:\/\/www.basler.com\/wp-content\/uploads\/2025\/07\/Untitled-17-768x432.png 768w, https:\/\/www.basler.com\/wp-content\/uploads\/2025\/07\/Untitled-17-1024x576.png 1024w, https:\/\/www.basler.com\/wp-content\/uploads\/2025\/07\/Untitled-17-150x84.png 150w, https:\/\/www.basler.com\/wp-content\/uploads\/2025\/07\/Untitled-17-414x233.png 414w, https:\/\/www.basler.com\/wp-content\/uploads\/2025\/07\/Untitled-17-1600x900.png 1600w\" sizes=\"(max-width: 1920px) 100vw, 1920px\">        <\/picture>\n\n            <\/figure>\n<\/div>\n<\/div>\n<\/div><div  data-block-id=\"hammer_block_af38045802c9b86362ae8d65069abe0f\" data-block=\"container\" class=\"block block-container container\">\n<div  data-block-id=\"hammer_block_7185e9435cf8bf025213307c768cb880\" data-block=\"media\" class=\"block block-media media\"><div id=\"hammer_component_69de97b46a77a\" data-component=\"image-video\" class=\"component component-image-video image-video\"><figure id=\"hammer_component_69de97b46a7a5\" data-component=\"image\" class=\"component component-image image\">\n        <picture class=\"picture\">\n            <img decoding=\"async\" width=\"1920\" height=\"1080\" src=\"https:\/\/www.basler.com\/wp-content\/uploads\/2025\/07\/Untitled-2-13.png\" class=\"img\" alt=\"\" loading=\"eager\" title=\"\" srcset=\"https:\/\/www.basler.com\/wp-content\/uploads\/2025\/07\/Untitled-2-13.png 1920w, https:\/\/www.basler.com\/wp-content\/uploads\/2025\/07\/Untitled-2-13-768x432.png 768w, https:\/\/www.basler.com\/wp-content\/uploads\/2025\/07\/Untitled-2-13-1024x576.png 1024w, https:\/\/www.basler.com\/wp-content\/uploads\/2025\/07\/Untitled-2-13-150x84.png 150w, https:\/\/www.basler.com\/wp-content\/uploads\/2025\/07\/Untitled-2-13-414x233.png 414w, https:\/\/www.basler.com\/wp-content\/uploads\/2025\/07\/Untitled-2-13-1600x900.png 1600w\" sizes=\"(max-width: 1920px) 100vw, 1920px\">        <\/picture>\n\n            <\/figure>\n<\/div>\n<\/div>\n<\/div>","protected":false},"excerpt":{"rendered":"","protected":false},"author":1,"featured_media":36930,"parent":0,"menu_order":0,"comment_status":"closed","ping_status":"closed","template":"","meta":{"_acf_changed":false,"content-type":"","inline_featured_image":false,"ep_exclude_from_search":false,"footnotes":""},"class_list":["post-54057","page","type-page","status-publish","has-post-thumbnail","hentry"],"acf":[],"yoast_head":"<!-- This site is optimized with the Yoast SEO plugin v26.3 - https:\/\/yoast.com\/wordpress\/plugins\/seo\/ -->\n<title>Programas de calidad y certificaciones | Basler Electric<\/title>\n<meta name=\"description\" content=\"Descubre nuestros programas de calidad y certificaciones que garantizan la excelencia en tu industria. Mejora tu credibilidad y alcanza nuevos est\u00e1ndares.\" \/>\n<meta name=\"robots\" content=\"index, follow, max-snippet:-1, max-image-preview:large, max-video-preview:-1\" \/>\n<link rel=\"canonical\" href=\"https:\/\/www.basler.com\/es\/programas-de-calidad-y-certificaciones\/\" \/>\n<meta property=\"og:locale\" content=\"es_ES\" \/>\n<meta property=\"og:type\" content=\"article\" \/>\n<meta property=\"og:title\" content=\"Programas de calidad y certificaciones | Basler Electric\" \/>\n<meta property=\"og:description\" content=\"Descubre nuestros programas de calidad y certificaciones que garantizan la excelencia en tu industria. Mejora tu credibilidad y alcanza nuevos est\u00e1ndares.\" \/>\n<meta property=\"og:url\" content=\"https:\/\/www.basler.com\/es\/programas-de-calidad-y-certificaciones\/\" \/>\n<meta property=\"og:site_name\" content=\"Basler Electric\" \/>\n<meta property=\"article:modified_time\" content=\"2025-09-12T16:55:47+00:00\" \/>\n<meta property=\"og:image\" content=\"https:\/\/www.basler.com\/wp-content\/uploads\/2025\/07\/Untitled-17.png\" \/>\n\t<meta property=\"og:image:width\" content=\"1920\" \/>\n\t<meta property=\"og:image:height\" content=\"1080\" \/>\n\t<meta property=\"og:image:type\" content=\"image\/png\" \/>\n<meta name=\"twitter:card\" content=\"summary_large_image\" \/>\n<script type=\"application\/ld+json\" class=\"yoast-schema-graph\">{\"@context\":\"https:\/\/schema.org\",\"@graph\":[{\"@type\":\"WebPage\",\"@id\":\"https:\/\/www.basler.com\/es\/programas-de-calidad-y-certificaciones\/\",\"url\":\"https:\/\/www.basler.com\/es\/programas-de-calidad-y-certificaciones\/\",\"name\":\"Programas de calidad y certificaciones | Basler Electric\",\"isPartOf\":{\"@id\":\"https:\/\/catalog.basler.com\/#website\"},\"primaryImageOfPage\":{\"@id\":\"https:\/\/www.basler.com\/es\/programas-de-calidad-y-certificaciones\/#primaryimage\"},\"image\":{\"@id\":\"https:\/\/www.basler.com\/es\/programas-de-calidad-y-certificaciones\/#primaryimage\"},\"thumbnailUrl\":\"https:\/\/www.basler.com\/wp-content\/uploads\/2025\/07\/Untitled-17.png\",\"datePublished\":\"2025-06-13T12:45:53+00:00\",\"dateModified\":\"2025-09-12T16:55:47+00:00\",\"description\":\"Descubre nuestros programas de calidad y certificaciones que garantizan la excelencia en tu industria. Mejora tu credibilidad y alcanza nuevos est\u00e1ndares.\",\"breadcrumb\":{\"@id\":\"https:\/\/www.basler.com\/es\/programas-de-calidad-y-certificaciones\/#breadcrumb\"},\"inLanguage\":\"es-ES\",\"potentialAction\":[{\"@type\":\"ReadAction\",\"target\":[\"https:\/\/www.basler.com\/es\/programas-de-calidad-y-certificaciones\/\"]}]},{\"@type\":\"ImageObject\",\"inLanguage\":\"es-ES\",\"@id\":\"https:\/\/www.basler.com\/es\/programas-de-calidad-y-certificaciones\/#primaryimage\",\"url\":\"https:\/\/www.basler.com\/wp-content\/uploads\/2025\/07\/Untitled-17.png\",\"contentUrl\":\"https:\/\/www.basler.com\/wp-content\/uploads\/2025\/07\/Untitled-17.png\",\"width\":1920,\"height\":1080},{\"@type\":\"BreadcrumbList\",\"@id\":\"https:\/\/www.basler.com\/es\/programas-de-calidad-y-certificaciones\/#breadcrumb\",\"itemListElement\":[{\"@type\":\"ListItem\",\"position\":1,\"name\":\"Home\",\"item\":\"https:\/\/sourceautosoftware.com\/es\/\"},{\"@type\":\"ListItem\",\"position\":2,\"name\":\"Programas de calidad y certificaciones\"}]},{\"@type\":\"WebSite\",\"@id\":\"https:\/\/catalog.basler.com\/#website\",\"url\":\"https:\/\/catalog.basler.com\/\",\"name\":\"Basler Electric\",\"description\":\"\",\"publisher\":{\"@id\":\"https:\/\/catalog.basler.com\/#organization\"},\"potentialAction\":[{\"@type\":\"SearchAction\",\"target\":{\"@type\":\"EntryPoint\",\"urlTemplate\":\"https:\/\/catalog.basler.com\/?s={search_term_string}\"},\"query-input\":{\"@type\":\"PropertyValueSpecification\",\"valueRequired\":true,\"valueName\":\"search_term_string\"}}],\"inLanguage\":\"es-ES\"},{\"@type\":\"Organization\",\"@id\":\"https:\/\/catalog.basler.com\/#organization\",\"name\":\"Basler Electric\",\"url\":\"https:\/\/catalog.basler.com\/\",\"logo\":{\"@type\":\"ImageObject\",\"inLanguage\":\"es-ES\",\"@id\":\"https:\/\/catalog.basler.com\/#\/schema\/logo\/image\/\",\"url\":\"https:\/\/www.basler.com\/wp-content\/uploads\/2025\/10\/Basler-Logo-Favicon.png\",\"contentUrl\":\"https:\/\/www.basler.com\/wp-content\/uploads\/2025\/10\/Basler-Logo-Favicon.png\",\"width\":512,\"height\":512,\"caption\":\"Basler Electric\"},\"image\":{\"@id\":\"https:\/\/catalog.basler.com\/#\/schema\/logo\/image\/\"}}]}<\/script>\n<!-- \/ Yoast SEO plugin. -->","yoast_head_json":{"title":"Programas de calidad y certificaciones | Basler Electric","description":"Descubre nuestros programas de calidad y certificaciones que garantizan la excelencia en tu industria. Mejora tu credibilidad y alcanza nuevos est\u00e1ndares.","robots":{"index":"index","follow":"follow","max-snippet":"max-snippet:-1","max-image-preview":"max-image-preview:large","max-video-preview":"max-video-preview:-1"},"canonical":"https:\/\/www.basler.com\/es\/programas-de-calidad-y-certificaciones\/","og_locale":"es_ES","og_type":"article","og_title":"Programas de calidad y certificaciones | Basler Electric","og_description":"Descubre nuestros programas de calidad y certificaciones que garantizan la excelencia en tu industria. Mejora tu credibilidad y alcanza nuevos est\u00e1ndares.","og_url":"https:\/\/www.basler.com\/es\/programas-de-calidad-y-certificaciones\/","og_site_name":"Basler Electric","article_modified_time":"2025-09-12T16:55:47+00:00","og_image":[{"width":1920,"height":1080,"url":"https:\/\/www.basler.com\/wp-content\/uploads\/2025\/07\/Untitled-17.png","type":"image\/png"}],"twitter_card":"summary_large_image","schema":{"@context":"https:\/\/schema.org","@graph":[{"@type":"WebPage","@id":"https:\/\/www.basler.com\/es\/programas-de-calidad-y-certificaciones\/","url":"https:\/\/www.basler.com\/es\/programas-de-calidad-y-certificaciones\/","name":"Programas de calidad y certificaciones | Basler Electric","isPartOf":{"@id":"https:\/\/catalog.basler.com\/#website"},"primaryImageOfPage":{"@id":"https:\/\/www.basler.com\/es\/programas-de-calidad-y-certificaciones\/#primaryimage"},"image":{"@id":"https:\/\/www.basler.com\/es\/programas-de-calidad-y-certificaciones\/#primaryimage"},"thumbnailUrl":"https:\/\/www.basler.com\/wp-content\/uploads\/2025\/07\/Untitled-17.png","datePublished":"2025-06-13T12:45:53+00:00","dateModified":"2025-09-12T16:55:47+00:00","description":"Descubre nuestros programas de calidad y certificaciones que garantizan la excelencia en tu industria. Mejora tu credibilidad y alcanza nuevos est\u00e1ndares.","breadcrumb":{"@id":"https:\/\/www.basler.com\/es\/programas-de-calidad-y-certificaciones\/#breadcrumb"},"inLanguage":"es-ES","potentialAction":[{"@type":"ReadAction","target":["https:\/\/www.basler.com\/es\/programas-de-calidad-y-certificaciones\/"]}]},{"@type":"ImageObject","inLanguage":"es-ES","@id":"https:\/\/www.basler.com\/es\/programas-de-calidad-y-certificaciones\/#primaryimage","url":"https:\/\/www.basler.com\/wp-content\/uploads\/2025\/07\/Untitled-17.png","contentUrl":"https:\/\/www.basler.com\/wp-content\/uploads\/2025\/07\/Untitled-17.png","width":1920,"height":1080},{"@type":"BreadcrumbList","@id":"https:\/\/www.basler.com\/es\/programas-de-calidad-y-certificaciones\/#breadcrumb","itemListElement":[{"@type":"ListItem","position":1,"name":"Home","item":"https:\/\/sourceautosoftware.com\/es\/"},{"@type":"ListItem","position":2,"name":"Programas de calidad y certificaciones"}]},{"@type":"WebSite","@id":"https:\/\/catalog.basler.com\/#website","url":"https:\/\/catalog.basler.com\/","name":"Basler Electric","description":"","publisher":{"@id":"https:\/\/catalog.basler.com\/#organization"},"potentialAction":[{"@type":"SearchAction","target":{"@type":"EntryPoint","urlTemplate":"https:\/\/catalog.basler.com\/?s={search_term_string}"},"query-input":{"@type":"PropertyValueSpecification","valueRequired":true,"valueName":"search_term_string"}}],"inLanguage":"es-ES"},{"@type":"Organization","@id":"https:\/\/catalog.basler.com\/#organization","name":"Basler Electric","url":"https:\/\/catalog.basler.com\/","logo":{"@type":"ImageObject","inLanguage":"es-ES","@id":"https:\/\/catalog.basler.com\/#\/schema\/logo\/image\/","url":"https:\/\/www.basler.com\/wp-content\/uploads\/2025\/10\/Basler-Logo-Favicon.png","contentUrl":"https:\/\/www.basler.com\/wp-content\/uploads\/2025\/10\/Basler-Logo-Favicon.png","width":512,"height":512,"caption":"Basler Electric"},"image":{"@id":"https:\/\/catalog.basler.com\/#\/schema\/logo\/image\/"}}]}},"_links":{"self":[{"href":"https:\/\/www.basler.com\/es\/wp-json\/wp\/v2\/pages\/54057","targetHints":{"allow":["GET"]}}],"collection":[{"href":"https:\/\/www.basler.com\/es\/wp-json\/wp\/v2\/pages"}],"about":[{"href":"https:\/\/www.basler.com\/es\/wp-json\/wp\/v2\/types\/page"}],"author":[{"embeddable":true,"href":"https:\/\/www.basler.com\/es\/wp-json\/wp\/v2\/users\/1"}],"replies":[{"embeddable":true,"href":"https:\/\/www.basler.com\/es\/wp-json\/wp\/v2\/comments?post=54057"}],"version-history":[{"count":1,"href":"https:\/\/www.basler.com\/es\/wp-json\/wp\/v2\/pages\/54057\/revisions"}],"predecessor-version":[{"id":54058,"href":"https:\/\/www.basler.com\/es\/wp-json\/wp\/v2\/pages\/54057\/revisions\/54058"}],"wp:featuredmedia":[{"embeddable":true,"href":"https:\/\/www.basler.com\/es\/wp-json\/wp\/v2\/media\/36930"}],"wp:attachment":[{"href":"https:\/\/www.basler.com\/es\/wp-json\/wp\/v2\/media?parent=54057"}],"curies":[{"name":"wp","href":"https:\/\/api.w.org\/{rel}","templated":true}]}}