{"id":55600,"date":"2025-09-15T15:55:54","date_gmt":"2025-09-15T20:55:54","guid":{"rendered":"https:\/\/www.basler.com\/olvide-restablecer-contrasena\/"},"modified":"2025-09-15T19:07:13","modified_gmt":"2025-09-16T00:07:13","slug":"olvide-restablecer-contrasena","status":"publish","type":"page","link":"https:\/\/www.basler.com\/es\/olvide-restablecer-contrasena\/","title":{"rendered":"Olvid\u00e9 restablecer contrase\u00f1a"},"content":{"rendered":"<section  data-block-id=\"hammer_block_3f13aa81ac884c8df499af93767ce02c\" data-block=\"form-content\" class=\"block block-form-content form-content\">    <div class=\"wrapper\">\n        <div class=\"right-content\">\n\t\t\t<div class=\"text-wrapper\">\n                <div class=\"headline-wrapper\">\n                    <h2 id=\"hammer_component_69d23183a8957\" data-component=\"headline\" class=\"component component-headline headline style-default\">Olvid&eacute; restablecer contrase&ntilde;a<\/h2>\n                <\/div>\n\n                <div id=\"hammer_component_69d23183a8a14\" data-component=\"rich-text\" class=\"component component-rich-text rich-text\"><p>Lorem Ipsum<\/p>\n<\/div>\n            <\/div>\n\n            <hr class=\"line\">\n\n            <div class=\"form-wrapper js-form-wrapper\">\n                <div id=\"hammer_component_69d23183a8a75\" data-component=\"form\" class=\"component component-form form style-oscuro\"><input type=\"hidden\" id=\"basler_nonce\" name=\"basler_nonce\" value=\"600bf9ce54\"><input type=\"hidden\" name=\"_wp_http_referer\" value=\"\/es\/wp-json\/wp\/v2\/pages\/55600\"><p>The link you followed either expired or is invalid.<\/p><button id=\"hammer_component_69d23183d625b\" data-component=\"button\" class=\"component component-button button js-custom-submit style-primario\" data-form-id=\"14\" type=\"submit\">    <span class=\"button-wrapper\">\n                    <strong class=\"button-text\">Env&iacute;a<\/strong>\n        \n                    <span class=\"icon-wrapper\" aria-hidden=\"true\">\n                <span class=\"button-icon\">\n                    <?xml version=\"1.0\" encoding=\"UTF-8\"?> <svg xmlns=\"http:\/\/www.w3.org\/2000\/svg\" width=\"8\" height=\"8\" viewbox=\"0 0 8 8\" fill=\"currentColor\"><path fill-rule=\"evenodd\" clip-rule=\"evenodd\" d=\"M7.25606 1.27007L0.526065 8L0 7.47393L6.73 0.743975H0.789112V0H8.00004V7.21087H7.25606V1.27007Z\" fill=\"currentColor\"><\/path><\/svg>                 <\/span>\n            <\/span>\n            <\/span>\n    <\/button>\n<\/div>\n            <\/div>\n        <\/div>\n\n                    <div class=\"left-content\">\n                                    <figure id=\"hammer_component_69d23183d64b9\" data-component=\"image\" class=\"component component-image image\">\n        <picture class=\"picture\">\n            <img decoding=\"async\" width=\"1560\" height=\"725\" src=\"https:\/\/www.basler.com\/wp-content\/uploads\/2025\/03\/background-login.png\" class=\"img\" alt=\"\" loading=\"lazy\" title=\"\" srcset=\"https:\/\/www.basler.com\/wp-content\/uploads\/2025\/03\/background-login.png 1560w, https:\/\/www.basler.com\/wp-content\/uploads\/2025\/03\/background-login-768x357.png 768w, https:\/\/www.basler.com\/wp-content\/uploads\/2025\/03\/background-login-1024x476.png 1024w, https:\/\/www.basler.com\/wp-content\/uploads\/2025\/03\/background-login-150x70.png 150w, https:\/\/www.basler.com\/wp-content\/uploads\/2025\/03\/background-login-414x192.png 414w\" sizes=\"auto, (max-width: 1560px) 100vw, 1560px\">        <\/picture>\n\n            <\/figure>\n                \n                                    <div class=\"content-wrapper\">\n                        <h2 class=\"title\">Olvid\u00e9 restablecer contrase\u00f1a<\/h2>\n\n                        <div id=\"hammer_component_69d23183d6988\" data-component=\"rich-text\" class=\"component component-rich-text rich-text\"><p>Lorem Ipsum<\/p>\n<\/div>\n                    <\/div>\n                            <\/div>\n            <\/div>\n    <\/section>","protected":false},"excerpt":{"rendered":"","protected":false},"author":1,"featured_media":0,"parent":0,"menu_order":0,"comment_status":"closed","ping_status":"closed","template":"","meta":{"_acf_changed":false,"content-type":"","inline_featured_image":false,"ep_exclude_from_search":false,"footnotes":""},"class_list":["post-55600","page","type-page","status-publish","hentry"],"acf":[],"yoast_head":"<!-- This site is optimized with the Yoast SEO plugin v26.3 - https:\/\/yoast.com\/wordpress\/plugins\/seo\/ -->\n<title>Olvid\u00e9 restablecer contrase\u00f1a | Basler Electric<\/title>\n<meta name=\"description\" content=\"\u00bfNecesitas ayuda para acceder a tu cuenta? Utilice nuestra nueva funci\u00f3n Olvid\u00e9 mi contrase\u00f1a para restablecer su contrase\u00f1a de forma f\u00e1cil y segura. \u00a1Vuelve a tu cuenta en poco tiempo!\" \/>\n<meta name=\"robots\" content=\"index, follow, max-snippet:-1, max-image-preview:large, max-video-preview:-1\" \/>\n<link rel=\"canonical\" href=\"https:\/\/www.basler.com\/es\/olvide-restablecer-contrasena\/\" \/>\n<meta property=\"og:locale\" content=\"es_ES\" \/>\n<meta property=\"og:type\" content=\"article\" \/>\n<meta property=\"og:title\" content=\"Olvid\u00e9 restablecer contrase\u00f1a | Basler Electric\" \/>\n<meta property=\"og:description\" content=\"\u00bfNecesitas ayuda para acceder a tu cuenta? Utilice nuestra nueva funci\u00f3n Olvid\u00e9 mi contrase\u00f1a para restablecer su contrase\u00f1a de forma f\u00e1cil y segura. \u00a1Vuelve a tu cuenta en poco tiempo!\" \/>\n<meta property=\"og:url\" content=\"https:\/\/www.basler.com\/es\/olvide-restablecer-contrasena\/\" \/>\n<meta property=\"og:site_name\" content=\"Basler Electric\" \/>\n<meta property=\"article:modified_time\" content=\"2025-09-16T00:07:13+00:00\" \/>\n<meta property=\"og:image\" content=\"https:\/\/www.basler.com\/wp-content\/uploads\/2025\/07\/Basler-Default-Image.jpg\" \/>\n\t<meta property=\"og:image:width\" content=\"1920\" \/>\n\t<meta property=\"og:image:height\" content=\"1080\" \/>\n\t<meta property=\"og:image:type\" content=\"image\/jpeg\" \/>\n<meta name=\"twitter:card\" content=\"summary_large_image\" \/>\n<script type=\"application\/ld+json\" class=\"yoast-schema-graph\">{\"@context\":\"https:\/\/schema.org\",\"@graph\":[{\"@type\":\"WebPage\",\"@id\":\"https:\/\/www.basler.com\/es\/olvide-restablecer-contrasena\/\",\"url\":\"https:\/\/www.basler.com\/es\/olvide-restablecer-contrasena\/\",\"name\":\"Olvid\u00e9 restablecer contrase\u00f1a | Basler Electric\",\"isPartOf\":{\"@id\":\"https:\/\/catalog.basler.com\/es\/#website\"},\"datePublished\":\"2025-09-15T20:55:54+00:00\",\"dateModified\":\"2025-09-16T00:07:13+00:00\",\"description\":\"\u00bfNecesitas ayuda para acceder a tu cuenta? Utilice nuestra nueva funci\u00f3n Olvid\u00e9 mi contrase\u00f1a para restablecer su contrase\u00f1a de forma f\u00e1cil y segura. \u00a1Vuelve a tu cuenta en poco tiempo!\",\"breadcrumb\":{\"@id\":\"https:\/\/www.basler.com\/es\/olvide-restablecer-contrasena\/#breadcrumb\"},\"inLanguage\":\"es-ES\",\"potentialAction\":[{\"@type\":\"ReadAction\",\"target\":[\"https:\/\/www.basler.com\/es\/olvide-restablecer-contrasena\/\"]}]},{\"@type\":\"BreadcrumbList\",\"@id\":\"https:\/\/www.basler.com\/es\/olvide-restablecer-contrasena\/#breadcrumb\",\"itemListElement\":[{\"@type\":\"ListItem\",\"position\":1,\"name\":\"Home\",\"item\":\"https:\/\/sourceautosoftware.com\/es\/\"},{\"@type\":\"ListItem\",\"position\":2,\"name\":\"Olvid\u00e9 restablecer contrase\u00f1a\"}]},{\"@type\":\"WebSite\",\"@id\":\"https:\/\/catalog.basler.com\/es\/#website\",\"url\":\"https:\/\/catalog.basler.com\/es\/\",\"name\":\"Basler Electric\",\"description\":\"\",\"publisher\":{\"@id\":\"https:\/\/catalog.basler.com\/es\/#organization\"},\"potentialAction\":[{\"@type\":\"SearchAction\",\"target\":{\"@type\":\"EntryPoint\",\"urlTemplate\":\"https:\/\/catalog.basler.com\/es\/?s={search_term_string}\"},\"query-input\":{\"@type\":\"PropertyValueSpecification\",\"valueRequired\":true,\"valueName\":\"search_term_string\"}}],\"inLanguage\":\"es-ES\"},{\"@type\":\"Organization\",\"@id\":\"https:\/\/catalog.basler.com\/es\/#organization\",\"name\":\"Basler Electric\",\"url\":\"https:\/\/catalog.basler.com\/es\/\",\"logo\":{\"@type\":\"ImageObject\",\"inLanguage\":\"es-ES\",\"@id\":\"https:\/\/catalog.basler.com\/es\/#\/schema\/logo\/image\/\",\"url\":\"https:\/\/www.basler.com\/wp-content\/uploads\/2025\/10\/Basler-Logo-Favicon.png\",\"contentUrl\":\"https:\/\/www.basler.com\/wp-content\/uploads\/2025\/10\/Basler-Logo-Favicon.png\",\"width\":512,\"height\":512,\"caption\":\"Basler Electric\"},\"image\":{\"@id\":\"https:\/\/catalog.basler.com\/es\/#\/schema\/logo\/image\/\"}}]}<\/script>\n<!-- \/ Yoast SEO plugin. -->","yoast_head_json":{"title":"Olvid\u00e9 restablecer contrase\u00f1a | Basler Electric","description":"\u00bfNecesitas ayuda para acceder a tu cuenta? Utilice nuestra nueva funci\u00f3n Olvid\u00e9 mi contrase\u00f1a para restablecer su contrase\u00f1a de forma f\u00e1cil y segura. \u00a1Vuelve a tu cuenta en poco tiempo!","robots":{"index":"index","follow":"follow","max-snippet":"max-snippet:-1","max-image-preview":"max-image-preview:large","max-video-preview":"max-video-preview:-1"},"canonical":"https:\/\/www.basler.com\/es\/olvide-restablecer-contrasena\/","og_locale":"es_ES","og_type":"article","og_title":"Olvid\u00e9 restablecer contrase\u00f1a | Basler Electric","og_description":"\u00bfNecesitas ayuda para acceder a tu cuenta? Utilice nuestra nueva funci\u00f3n Olvid\u00e9 mi contrase\u00f1a para restablecer su contrase\u00f1a de forma f\u00e1cil y segura. \u00a1Vuelve a tu cuenta en poco tiempo!","og_url":"https:\/\/www.basler.com\/es\/olvide-restablecer-contrasena\/","og_site_name":"Basler Electric","article_modified_time":"2025-09-16T00:07:13+00:00","og_image":[{"width":1920,"height":1080,"url":"https:\/\/www.basler.com\/wp-content\/uploads\/2025\/07\/Basler-Default-Image.jpg","type":"image\/jpeg"}],"twitter_card":"summary_large_image","schema":{"@context":"https:\/\/schema.org","@graph":[{"@type":"WebPage","@id":"https:\/\/www.basler.com\/es\/olvide-restablecer-contrasena\/","url":"https:\/\/www.basler.com\/es\/olvide-restablecer-contrasena\/","name":"Olvid\u00e9 restablecer contrase\u00f1a | Basler Electric","isPartOf":{"@id":"https:\/\/catalog.basler.com\/es\/#website"},"datePublished":"2025-09-15T20:55:54+00:00","dateModified":"2025-09-16T00:07:13+00:00","description":"\u00bfNecesitas ayuda para acceder a tu cuenta? Utilice nuestra nueva funci\u00f3n Olvid\u00e9 mi contrase\u00f1a para restablecer su contrase\u00f1a de forma f\u00e1cil y segura. \u00a1Vuelve a tu cuenta en poco tiempo!","breadcrumb":{"@id":"https:\/\/www.basler.com\/es\/olvide-restablecer-contrasena\/#breadcrumb"},"inLanguage":"es-ES","potentialAction":[{"@type":"ReadAction","target":["https:\/\/www.basler.com\/es\/olvide-restablecer-contrasena\/"]}]},{"@type":"BreadcrumbList","@id":"https:\/\/www.basler.com\/es\/olvide-restablecer-contrasena\/#breadcrumb","itemListElement":[{"@type":"ListItem","position":1,"name":"Home","item":"https:\/\/sourceautosoftware.com\/es\/"},{"@type":"ListItem","position":2,"name":"Olvid\u00e9 restablecer contrase\u00f1a"}]},{"@type":"WebSite","@id":"https:\/\/catalog.basler.com\/es\/#website","url":"https:\/\/catalog.basler.com\/es\/","name":"Basler Electric","description":"","publisher":{"@id":"https:\/\/catalog.basler.com\/es\/#organization"},"potentialAction":[{"@type":"SearchAction","target":{"@type":"EntryPoint","urlTemplate":"https:\/\/catalog.basler.com\/es\/?s={search_term_string}"},"query-input":{"@type":"PropertyValueSpecification","valueRequired":true,"valueName":"search_term_string"}}],"inLanguage":"es-ES"},{"@type":"Organization","@id":"https:\/\/catalog.basler.com\/es\/#organization","name":"Basler Electric","url":"https:\/\/catalog.basler.com\/es\/","logo":{"@type":"ImageObject","inLanguage":"es-ES","@id":"https:\/\/catalog.basler.com\/es\/#\/schema\/logo\/image\/","url":"https:\/\/www.basler.com\/wp-content\/uploads\/2025\/10\/Basler-Logo-Favicon.png","contentUrl":"https:\/\/www.basler.com\/wp-content\/uploads\/2025\/10\/Basler-Logo-Favicon.png","width":512,"height":512,"caption":"Basler Electric"},"image":{"@id":"https:\/\/catalog.basler.com\/es\/#\/schema\/logo\/image\/"}}]}},"_links":{"self":[{"href":"https:\/\/www.basler.com\/es\/wp-json\/wp\/v2\/pages\/55600","targetHints":{"allow":["GET"]}}],"collection":[{"href":"https:\/\/www.basler.com\/es\/wp-json\/wp\/v2\/pages"}],"about":[{"href":"https:\/\/www.basler.com\/es\/wp-json\/wp\/v2\/types\/page"}],"author":[{"embeddable":true,"href":"https:\/\/www.basler.com\/es\/wp-json\/wp\/v2\/users\/1"}],"replies":[{"embeddable":true,"href":"https:\/\/www.basler.com\/es\/wp-json\/wp\/v2\/comments?post=55600"}],"version-history":[{"count":1,"href":"https:\/\/www.basler.com\/es\/wp-json\/wp\/v2\/pages\/55600\/revisions"}],"predecessor-version":[{"id":55601,"href":"https:\/\/www.basler.com\/es\/wp-json\/wp\/v2\/pages\/55600\/revisions\/55601"}],"wp:attachment":[{"href":"https:\/\/www.basler.com\/es\/wp-json\/wp\/v2\/media?parent=55600"}],"curies":[{"name":"wp","href":"https:\/\/api.w.org\/{rel}","templated":true}]}}