{"id":31262,"date":"2025-06-29T15:30:29","date_gmt":"2025-06-29T20:30:29","guid":{"rendered":"https:\/\/www.basler.com\/product\/sbo241-sbo242-sbo243-sbo244-sbo245-sbo246-excitation-support-system\/"},"modified":"2025-09-09T14:58:09","modified_gmt":"2025-09-09T19:58:09","slug":"sbo241-sbo242-sbo243-sbo244-sbo245-sbo246-excitation-support-system","status":"publish","type":"product","link":"https:\/\/www.basler.com\/fr\/product\/sbo241-sbo242-sbo243-sbo244-sbo245-sbo246-excitation-support-system\/","title":{"rendered":"SBO241, SBO242, SBO243, SBO244, SBO245, SBO246, Excitation Support System"},"content":{"rendered":"<section  data-block-id=\"hammer_block_bbf0ed22450eceb9f43b38e04c6a7cdb\" data-block=\"hero-10\" class=\"block block-hero-10 hero-10\" id=\"overview\">    <div class=\"wrapper\">\n        <div class=\"left_content\">\n                            <div class=\"headline-wrapper\">\n                                            <strong class=\"overline\">Accessories<\/strong>\n                    \n                    <h1 id=\"hammer_component_69d0f2f6b7b7a\" data-component=\"headline\" class=\"component component-headline headline large style-default\">SBO241, SBO242, SBO243, SBO244, SBO245, SBO246, Excitation Support System<\/h1>\n                <\/div>\n            \n                            <div id=\"hammer_component_69d0f2f6b7c56\" data-component=\"rich-text\" class=\"component component-rich-text rich-text\">An excitation Support System (SBO) consists of two (2) items:  the Reservoir Assembly, and the Power Current Transformer(s) which must be ordered separately. The Excitation Support System makes it possible for the voltage regulator to deliver full forcing output during generator overload or generator short circuit conditions. The Excitation Support System is an ideal accessory for large motor starting applications. (See Bulletin SP-5 or consult with the factory for technical and\/or ordering data).\t<\/div>\n            \n                                                <div class=\"buttons\">\n                                                                                                    \n                                            <\/div>\n                                    <\/div>\n\n                    <div class=\"right_content\">\n                <div class=\"slider slider-main\">\n                    <div class=\"swiper-wrapper\">\n                                                    <div class=\"swiper-slide\">\n                                                                    <figure id=\"hammer_component_69d0f2f6b8077\" data-component=\"image\" class=\"component component-image image\">\n        <picture class=\"picture\">\n            <img decoding=\"async\" width=\"1084\" height=\"600\" src=\"https:\/\/www.basler.com\/wp-content\/uploads\/2025\/06\/SBO_3-4.jpg\" class=\"img\" alt=\"\" loading=\"lazy\" title=\"\" srcset=\"https:\/\/www.basler.com\/wp-content\/uploads\/2025\/06\/SBO_3-4.jpg 1084w, https:\/\/www.basler.com\/wp-content\/uploads\/2025\/06\/SBO_3-4-768x425.jpg 768w, https:\/\/www.basler.com\/wp-content\/uploads\/2025\/06\/SBO_3-4-1024x567.jpg 1024w, https:\/\/www.basler.com\/wp-content\/uploads\/2025\/06\/SBO_3-4-150x83.jpg 150w, https:\/\/www.basler.com\/wp-content\/uploads\/2025\/06\/SBO_3-4-414x229.jpg 414w\" sizes=\"auto, (max-width: 1084px) 100vw, 1084px\">        <\/picture>\n\n            <\/figure>\n                                                            <\/div>\n                                            <\/div>\n                <\/div>\n\n                            <\/div>\n            <\/div>\n    <\/section>\n\n<section  data-block-id=\"hammer_block_4bee4c04a2858ca5d1dc26305bd7d918\" data-block=\"text-5\" class=\"block block-text-5 text-5 bg-dark spacing-top-default spacing-bottom-default\">    <div class=\"wrapper\">\n        <div class=\"contents\">\n            <div class=\"left\">\n                                    <h3 class=\"title\">\u2014 Transformer des vies avec des produits innovants et fiables, ancr\u00e9s dans l\u2019int\u00e9grit\u00e9 et la durabilit\u00e9.<\/h3>\n                \n            <\/div>\n\n            <div class=\"right\">\n                            <\/div>\n        <\/div>\n    <\/div>\n    <\/section>\n\n<section  data-block-id=\"hammer_block_5a51702afe9583d825603e568d1c5a34\" data-block=\"cta-banner-8\" class=\"block block-cta-banner-8 cta-banner-8 spacing-top-default spacing-bottom-large\">    <div class=\"wrapper\">\n        <div class=\"banner\">\n                            <div class=\"headline-wrapper\">\n                                        <h2 id=\"hammer_component_69d0f2f710362\" data-component=\"headline\" class=\"component component-headline headline style-default\">&mdash; Parlez-nous : votre ligne directe vers l&rsquo;assistance et les solutions.<\/h2>\n                <\/div>\n            \n                            <div class=\"text-wrapper\">\n                    <div id=\"hammer_component_69d0f2f71042f\" data-component=\"rich-text\" class=\"component component-rich-text rich-text\"><p>Contactez Basler Electric d&egrave;s aujourd&rsquo;hui pour obtenir des informations suppl&eacute;mentaires sur nos services et produits.<\/p>\n<\/div>\n                                            <div class=\"actions\">\n                            <a id=\"hammer_component_69d0f2f710494\" data-component=\"button\" class=\"component component-button button style-primary\" href=\"https:\/\/www.basler.com\/fr\/contactez-nous\/\" target=\"\" title=\"Contactez-nous\" aria-label=\"Contactez-nous\">    <span class=\"button-wrapper\">\n                    <strong class=\"button-text\">Contactez-nous<\/strong>\n        \n                    <span class=\"icon-wrapper\" aria-hidden=\"true\">\n                <span class=\"button-icon\">\n                    <?xml version=\"1.0\" encoding=\"UTF-8\"?> <svg xmlns=\"http:\/\/www.w3.org\/2000\/svg\" width=\"8\" height=\"8\" viewbox=\"0 0 8 8\" fill=\"currentColor\"><path fill-rule=\"evenodd\" clip-rule=\"evenodd\" d=\"M7.25606 1.27007L0.526065 8L0 7.47393L6.73 0.743975H0.789112V0H8.00004V7.21087H7.25606V1.27007Z\" fill=\"currentColor\"><\/path><\/svg>                 <\/span>\n            <\/span>\n            <\/span>\n    <\/a>\n                        <\/div>\n                                    <\/div>\n            \n            <div id=\"hammer_component_69d0f2f710682\" data-component=\"image-video\" class=\"component component-image-video image-video\"><figure id=\"hammer_component_69d0f2f7106b0\" data-component=\"image\" class=\"component component-image image has-overlay\">\n        <picture class=\"picture\">\n            <img decoding=\"async\" width=\"1560\" height=\"720\" src=\"https:\/\/www.basler.com\/wp-content\/uploads\/2024\/11\/Banner-1.jpg\" class=\"img\" alt=\"\" loading=\"lazy\" title=\"\" srcset=\"https:\/\/www.basler.com\/wp-content\/uploads\/2024\/11\/Banner-1.jpg 1560w, https:\/\/www.basler.com\/wp-content\/uploads\/2024\/11\/Banner-1-768x354.jpg 768w, https:\/\/www.basler.com\/wp-content\/uploads\/2024\/11\/Banner-1-1024x473.jpg 1024w, https:\/\/www.basler.com\/wp-content\/uploads\/2024\/11\/Banner-1-150x69.jpg 150w, https:\/\/www.basler.com\/wp-content\/uploads\/2024\/11\/Banner-1-414x191.jpg 414w\" sizes=\"auto, (max-width: 1560px) 100vw, 1560px\">        <\/picture>\n\n            <\/figure>\n<\/div>\n        <\/div>\n    <\/div>\n    <\/section>","protected":false},"excerpt":{"rendered":"<p>An excitation Support System (SBO) consists of two (2) items:  the Reservoir Assembly, and the Power Current Transformer(s) which must be ordered separately. The Excitation Support System makes it possible for the voltage regulator to deliver full forcing output during generator overload or generator short circuit conditions. The Excitation Support System is an ideal accessory for large motor starting applications. (See Bulletin SP-5 or consult with the factory for technical and\/or ordering data).\t<\/p>\n","protected":false},"author":1,"featured_media":38569,"parent":0,"menu_order":273,"template":"","product-category":[642,662],"class_list":["post-31262","product","type-product","status-publish","has-post-thumbnail","hentry","product-category-accessories","product-category-replacement-and-specialty-products-2"],"acf":[],"yoast_head":"<!-- This site is optimized with the Yoast SEO plugin v26.3 - https:\/\/yoast.com\/wordpress\/plugins\/seo\/ -->\n<title>SBO241, SBO242, SBO243, SBO244, SBO245, SBO246, Excitation Support System | Basler Electric<\/title>\n<meta name=\"description\" content=\"An excitation Support System (SBO) consists of two (2) items: the Reservoir Assembly, and the Power Current Transformer(s) which must be ordered separately. The Excitation Support System makes it possible for the voltage regulator to deliver full forcing output during generator overload or generator short circuit conditions. The Excitation Support System is an ideal accessory for large motor starting applications. (See Bulletin SP-5 or consult with the factory for technical and\/or ordering data).\" \/>\n<meta name=\"robots\" content=\"index, follow, max-snippet:-1, max-image-preview:large, max-video-preview:-1\" \/>\n<link rel=\"canonical\" href=\"https:\/\/www.basler.com\/fr\/product\/sbo241-sbo242-sbo243-sbo244-sbo245-sbo246-excitation-support-system\/\" \/>\n<meta property=\"og:locale\" content=\"fr_FR\" \/>\n<meta property=\"og:type\" content=\"article\" \/>\n<meta property=\"og:title\" content=\"SBO241, SBO242, SBO243, SBO244, SBO245, SBO246, Excitation Support System | Basler Electric\" \/>\n<meta property=\"og:description\" content=\"An excitation Support System (SBO) consists of two (2) items: the Reservoir Assembly, and the Power Current Transformer(s) which must be ordered separately. The Excitation Support System makes it possible for the voltage regulator to deliver full forcing output during generator overload or generator short circuit conditions. The Excitation Support System is an ideal accessory for large motor starting applications. (See Bulletin SP-5 or consult with the factory for technical and\/or ordering data).\" \/>\n<meta property=\"og:url\" content=\"https:\/\/www.basler.com\/fr\/product\/sbo241-sbo242-sbo243-sbo244-sbo245-sbo246-excitation-support-system\/\" \/>\n<meta property=\"og:site_name\" content=\"Basler Electric\" \/>\n<meta property=\"article:modified_time\" content=\"2025-09-09T19:58:09+00:00\" \/>\n<meta property=\"og:image\" content=\"https:\/\/segrity.com\/wp-content\/uploads\/2025\/06\/SBO_3-4.jpg\" \/>\n\t<meta property=\"og:image:width\" content=\"1084\" \/>\n\t<meta property=\"og:image:height\" content=\"600\" \/>\n\t<meta property=\"og:image:type\" content=\"image\/jpeg\" \/>\n<meta name=\"twitter:card\" content=\"summary_large_image\" \/>\n<meta name=\"twitter:label1\" content=\"Est. reading time\" \/>\n\t<meta name=\"twitter:data1\" content=\"1 minute\" \/>\n<script type=\"application\/ld+json\" class=\"yoast-schema-graph\">{\"@context\":\"https:\/\/schema.org\",\"@graph\":[{\"@type\":\"WebPage\",\"@id\":\"https:\/\/www.basler.com\/fr\/product\/sbo241-sbo242-sbo243-sbo244-sbo245-sbo246-excitation-support-system\/\",\"url\":\"https:\/\/www.basler.com\/fr\/product\/sbo241-sbo242-sbo243-sbo244-sbo245-sbo246-excitation-support-system\/\",\"name\":\"SBO241, SBO242, SBO243, SBO244, SBO245, SBO246, Excitation Support System | Basler Electric\",\"isPartOf\":{\"@id\":\"https:\/\/catalog.basler.com\/#website\"},\"primaryImageOfPage\":{\"@id\":\"https:\/\/www.basler.com\/fr\/product\/sbo241-sbo242-sbo243-sbo244-sbo245-sbo246-excitation-support-system\/#primaryimage\"},\"image\":{\"@id\":\"https:\/\/www.basler.com\/fr\/product\/sbo241-sbo242-sbo243-sbo244-sbo245-sbo246-excitation-support-system\/#primaryimage\"},\"thumbnailUrl\":\"https:\/\/www.basler.com\/wp-content\/uploads\/2025\/06\/SBO_3-4.jpg\",\"datePublished\":\"2025-06-29T20:30:29+00:00\",\"dateModified\":\"2025-09-09T19:58:09+00:00\",\"description\":\"An excitation Support System (SBO) consists of two (2) items: the Reservoir Assembly, and the Power Current Transformer(s) which must be ordered separately. The Excitation Support System makes it possible for the voltage regulator to deliver full forcing output during generator overload or generator short circuit conditions. The Excitation Support System is an ideal accessory for large motor starting applications. (See Bulletin SP-5 or consult with the factory for technical and\/or ordering data).\",\"breadcrumb\":{\"@id\":\"https:\/\/www.basler.com\/fr\/product\/sbo241-sbo242-sbo243-sbo244-sbo245-sbo246-excitation-support-system\/#breadcrumb\"},\"inLanguage\":\"fr-FR\",\"potentialAction\":[{\"@type\":\"ReadAction\",\"target\":[\"https:\/\/www.basler.com\/fr\/product\/sbo241-sbo242-sbo243-sbo244-sbo245-sbo246-excitation-support-system\/\"]}]},{\"@type\":\"ImageObject\",\"inLanguage\":\"fr-FR\",\"@id\":\"https:\/\/www.basler.com\/fr\/product\/sbo241-sbo242-sbo243-sbo244-sbo245-sbo246-excitation-support-system\/#primaryimage\",\"url\":\"https:\/\/www.basler.com\/wp-content\/uploads\/2025\/06\/SBO_3-4.jpg\",\"contentUrl\":\"https:\/\/www.basler.com\/wp-content\/uploads\/2025\/06\/SBO_3-4.jpg\",\"width\":1084,\"height\":600},{\"@type\":\"BreadcrumbList\",\"@id\":\"https:\/\/www.basler.com\/fr\/product\/sbo241-sbo242-sbo243-sbo244-sbo245-sbo246-excitation-support-system\/#breadcrumb\",\"itemListElement\":[{\"@type\":\"ListItem\",\"position\":1,\"name\":\"Home\",\"item\":\"https:\/\/fr.basler.com\/fr\/\"},{\"@type\":\"ListItem\",\"position\":2,\"name\":\"Products\",\"item\":\"https:\/\/www.basler.com\/fr\/product\/\"},{\"@type\":\"ListItem\",\"position\":3,\"name\":\"SBO241, SBO242, SBO243, SBO244, SBO245, SBO246, Excitation Support System\"}]},{\"@type\":\"WebSite\",\"@id\":\"https:\/\/catalog.basler.com\/#website\",\"url\":\"https:\/\/catalog.basler.com\/\",\"name\":\"Basler Electric\",\"description\":\"\",\"publisher\":{\"@id\":\"https:\/\/catalog.basler.com\/#organization\"},\"potentialAction\":[{\"@type\":\"SearchAction\",\"target\":{\"@type\":\"EntryPoint\",\"urlTemplate\":\"https:\/\/catalog.basler.com\/?s={search_term_string}\"},\"query-input\":{\"@type\":\"PropertyValueSpecification\",\"valueRequired\":true,\"valueName\":\"search_term_string\"}}],\"inLanguage\":\"fr-FR\"},{\"@type\":\"Organization\",\"@id\":\"https:\/\/catalog.basler.com\/#organization\",\"name\":\"Basler Electric\",\"url\":\"https:\/\/catalog.basler.com\/\",\"logo\":{\"@type\":\"ImageObject\",\"inLanguage\":\"fr-FR\",\"@id\":\"https:\/\/catalog.basler.com\/#\/schema\/logo\/image\/\",\"url\":\"https:\/\/www.basler.com\/wp-content\/uploads\/2025\/10\/Basler-Logo-Favicon.png\",\"contentUrl\":\"https:\/\/www.basler.com\/wp-content\/uploads\/2025\/10\/Basler-Logo-Favicon.png\",\"width\":512,\"height\":512,\"caption\":\"Basler Electric\"},\"image\":{\"@id\":\"https:\/\/catalog.basler.com\/#\/schema\/logo\/image\/\"}}]}<\/script>\n<!-- \/ Yoast SEO plugin. -->","yoast_head_json":{"title":"SBO241, SBO242, SBO243, SBO244, SBO245, SBO246, Excitation Support System | Basler Electric","description":"An excitation Support System (SBO) consists of two (2) items: the Reservoir Assembly, and the Power Current Transformer(s) which must be ordered separately. The Excitation Support System makes it possible for the voltage regulator to deliver full forcing output during generator overload or generator short circuit conditions. The Excitation Support System is an ideal accessory for large motor starting applications. (See Bulletin SP-5 or consult with the factory for technical and\/or ordering data).","robots":{"index":"index","follow":"follow","max-snippet":"max-snippet:-1","max-image-preview":"max-image-preview:large","max-video-preview":"max-video-preview:-1"},"canonical":"https:\/\/www.basler.com\/fr\/product\/sbo241-sbo242-sbo243-sbo244-sbo245-sbo246-excitation-support-system\/","og_locale":"fr_FR","og_type":"article","og_title":"SBO241, SBO242, SBO243, SBO244, SBO245, SBO246, Excitation Support System | Basler Electric","og_description":"An excitation Support System (SBO) consists of two (2) items: the Reservoir Assembly, and the Power Current Transformer(s) which must be ordered separately. The Excitation Support System makes it possible for the voltage regulator to deliver full forcing output during generator overload or generator short circuit conditions. The Excitation Support System is an ideal accessory for large motor starting applications. (See Bulletin SP-5 or consult with the factory for technical and\/or ordering data).","og_url":"https:\/\/www.basler.com\/fr\/product\/sbo241-sbo242-sbo243-sbo244-sbo245-sbo246-excitation-support-system\/","og_site_name":"Basler Electric","article_modified_time":"2025-09-09T19:58:09+00:00","og_image":[{"width":1084,"height":600,"url":"https:\/\/segrity.com\/wp-content\/uploads\/2025\/06\/SBO_3-4.jpg","type":"image\/jpeg"}],"twitter_card":"summary_large_image","twitter_misc":{"Est. reading time":"1 minute"},"schema":{"@context":"https:\/\/schema.org","@graph":[{"@type":"WebPage","@id":"https:\/\/www.basler.com\/fr\/product\/sbo241-sbo242-sbo243-sbo244-sbo245-sbo246-excitation-support-system\/","url":"https:\/\/www.basler.com\/fr\/product\/sbo241-sbo242-sbo243-sbo244-sbo245-sbo246-excitation-support-system\/","name":"SBO241, SBO242, SBO243, SBO244, SBO245, SBO246, Excitation Support System | Basler Electric","isPartOf":{"@id":"https:\/\/catalog.basler.com\/#website"},"primaryImageOfPage":{"@id":"https:\/\/www.basler.com\/fr\/product\/sbo241-sbo242-sbo243-sbo244-sbo245-sbo246-excitation-support-system\/#primaryimage"},"image":{"@id":"https:\/\/www.basler.com\/fr\/product\/sbo241-sbo242-sbo243-sbo244-sbo245-sbo246-excitation-support-system\/#primaryimage"},"thumbnailUrl":"https:\/\/www.basler.com\/wp-content\/uploads\/2025\/06\/SBO_3-4.jpg","datePublished":"2025-06-29T20:30:29+00:00","dateModified":"2025-09-09T19:58:09+00:00","description":"An excitation Support System (SBO) consists of two (2) items: the Reservoir Assembly, and the Power Current Transformer(s) which must be ordered separately. The Excitation Support System makes it possible for the voltage regulator to deliver full forcing output during generator overload or generator short circuit conditions. The Excitation Support System is an ideal accessory for large motor starting applications. (See Bulletin SP-5 or consult with the factory for technical and\/or ordering data).","breadcrumb":{"@id":"https:\/\/www.basler.com\/fr\/product\/sbo241-sbo242-sbo243-sbo244-sbo245-sbo246-excitation-support-system\/#breadcrumb"},"inLanguage":"fr-FR","potentialAction":[{"@type":"ReadAction","target":["https:\/\/www.basler.com\/fr\/product\/sbo241-sbo242-sbo243-sbo244-sbo245-sbo246-excitation-support-system\/"]}]},{"@type":"ImageObject","inLanguage":"fr-FR","@id":"https:\/\/www.basler.com\/fr\/product\/sbo241-sbo242-sbo243-sbo244-sbo245-sbo246-excitation-support-system\/#primaryimage","url":"https:\/\/www.basler.com\/wp-content\/uploads\/2025\/06\/SBO_3-4.jpg","contentUrl":"https:\/\/www.basler.com\/wp-content\/uploads\/2025\/06\/SBO_3-4.jpg","width":1084,"height":600},{"@type":"BreadcrumbList","@id":"https:\/\/www.basler.com\/fr\/product\/sbo241-sbo242-sbo243-sbo244-sbo245-sbo246-excitation-support-system\/#breadcrumb","itemListElement":[{"@type":"ListItem","position":1,"name":"Home","item":"https:\/\/fr.basler.com\/fr\/"},{"@type":"ListItem","position":2,"name":"Products","item":"https:\/\/www.basler.com\/fr\/product\/"},{"@type":"ListItem","position":3,"name":"SBO241, SBO242, SBO243, SBO244, SBO245, SBO246, Excitation Support System"}]},{"@type":"WebSite","@id":"https:\/\/catalog.basler.com\/#website","url":"https:\/\/catalog.basler.com\/","name":"Basler Electric","description":"","publisher":{"@id":"https:\/\/catalog.basler.com\/#organization"},"potentialAction":[{"@type":"SearchAction","target":{"@type":"EntryPoint","urlTemplate":"https:\/\/catalog.basler.com\/?s={search_term_string}"},"query-input":{"@type":"PropertyValueSpecification","valueRequired":true,"valueName":"search_term_string"}}],"inLanguage":"fr-FR"},{"@type":"Organization","@id":"https:\/\/catalog.basler.com\/#organization","name":"Basler Electric","url":"https:\/\/catalog.basler.com\/","logo":{"@type":"ImageObject","inLanguage":"fr-FR","@id":"https:\/\/catalog.basler.com\/#\/schema\/logo\/image\/","url":"https:\/\/www.basler.com\/wp-content\/uploads\/2025\/10\/Basler-Logo-Favicon.png","contentUrl":"https:\/\/www.basler.com\/wp-content\/uploads\/2025\/10\/Basler-Logo-Favicon.png","width":512,"height":512,"caption":"Basler Electric"},"image":{"@id":"https:\/\/catalog.basler.com\/#\/schema\/logo\/image\/"}}]}},"_links":{"self":[{"href":"https:\/\/www.basler.com\/fr\/wp-json\/wp\/v2\/product\/31262","targetHints":{"allow":["GET"]}}],"collection":[{"href":"https:\/\/www.basler.com\/fr\/wp-json\/wp\/v2\/product"}],"about":[{"href":"https:\/\/www.basler.com\/fr\/wp-json\/wp\/v2\/types\/product"}],"author":[{"embeddable":true,"href":"https:\/\/www.basler.com\/fr\/wp-json\/wp\/v2\/users\/1"}],"wp:featuredmedia":[{"embeddable":true,"href":"https:\/\/www.basler.com\/fr\/wp-json\/wp\/v2\/media\/38569"}],"wp:attachment":[{"href":"https:\/\/www.basler.com\/fr\/wp-json\/wp\/v2\/media?parent=31262"}],"wp:term":[{"taxonomy":"product-category","embeddable":true,"href":"https:\/\/www.basler.com\/fr\/wp-json\/wp\/v2\/product-category?post=31262"}],"curies":[{"name":"wp","href":"https:\/\/api.w.org\/{rel}","templated":true}]}}