{"id":31552,"date":"2025-06-29T15:31:58","date_gmt":"2025-06-29T20:31:58","guid":{"rendered":"https:\/\/www.basler.com\/product\/ce-filter-kit\/"},"modified":"2025-09-04T15:08:59","modified_gmt":"2025-09-04T20:08:59","slug":"ce-filter-kit","status":"publish","type":"product","link":"https:\/\/www.basler.com\/fr\/product\/ce-filter-kit\/","title":{"rendered":"CE Filter Kit for SGC-150 or SMC-150 (9576530100)"},"content":{"rendered":"<section  data-block-id=\"hammer_block_bffa42462c813fda8ebddcc8ae170ef3\" data-block=\"hero-10\" class=\"block block-hero-10 hero-10\" id=\"overview\">    <div class=\"wrapper\">\n        <div class=\"left_content\">\n                            <div class=\"headline-wrapper\">\n                                            <strong class=\"overline\">Excitation System Accessories<\/strong>\n                    \n                    <h1 id=\"hammer_component_69d0defd2eee4\" data-component=\"headline\" class=\"component component-headline headline medium style-default\">CE Filter Kit for SGC-150 or SMC-150 (9576530100)<\/h1>\n                <\/div>\n            \n                            <div id=\"hammer_component_69d0defd2f06c\" data-component=\"rich-text\" class=\"component component-rich-text rich-text\">Accessory kit part number 9576530100 is used when making SGC-150 or SMC-150 connections to ensure electromagnetic compatibility (EMC) in an installation requiring CE compliance.<\/div>\n            \n                                                <div class=\"buttons\">\n                                                                                                    \n                                            <\/div>\n                                    <\/div>\n\n                    <div class=\"right_content\">\n                <div class=\"slider slider-main\">\n                    <div class=\"swiper-wrapper\">\n                                                    <div class=\"swiper-slide\">\n                                                                    <figure id=\"hammer_component_69d0defd2f1c0\" data-component=\"image\" class=\"component component-image image\">\n        <picture class=\"picture\">\n            <img decoding=\"async\" width=\"1920\" height=\"1080\" src=\"https:\/\/www.basler.com\/wp-content\/uploads\/2025\/09\/Basler-Default-Image.jpg\" class=\"img\" alt=\"\" loading=\"lazy\" title=\"\" srcset=\"https:\/\/www.basler.com\/wp-content\/uploads\/2025\/09\/Basler-Default-Image.jpg 1920w, https:\/\/www.basler.com\/wp-content\/uploads\/2025\/09\/Basler-Default-Image-768x432.jpg 768w, https:\/\/www.basler.com\/wp-content\/uploads\/2025\/09\/Basler-Default-Image-1024x576.jpg 1024w, https:\/\/www.basler.com\/wp-content\/uploads\/2025\/09\/Basler-Default-Image-150x84.jpg 150w, https:\/\/www.basler.com\/wp-content\/uploads\/2025\/09\/Basler-Default-Image-414x233.jpg 414w, https:\/\/www.basler.com\/wp-content\/uploads\/2025\/09\/Basler-Default-Image-1600x900.jpg 1600w\" sizes=\"auto, (max-width: 1920px) 100vw, 1920px\">        <\/picture>\n\n            <\/figure>\n                                                            <\/div>\n                                            <\/div>\n                <\/div>\n\n                            <\/div>\n            <\/div>\n    <\/section>\n\n<section  data-block-id=\"hammer_block_524299528993db7eec5953cda128672e\" data-block=\"product-documentation-listing\" class=\"block block-product-documentation-listing product-documentation-listing spacing-top-petit spacing-bottom-normal\" id=\"documentation\"><div id=\"listing-app\" class=\"component component-listing listing wrapper ember-entrance listing-product-documentation-listing\" data-component=\"listing\" data-fields=\"eyJwb3N0VHlwZSI6ImRvY3VtZW50IiwibGF5b3V0IjoicHJvZHVjdC1kb2N1bWVudGF0aW9uLWxpc3RpbmciLCJoZWFkbGluZSI6eyJ0ZXh0IjoiQ2VudHJlIGRlIHJlc3NvdXJjZXMiLCJodG1sVGFnIjoiaDIiLCJzdHlsZSI6ImFmZmljaGFnZS1wZXRpdCJ9LCJmaWx0ZXJzIjpbe30se31dLCJmaWx0ZXJzU3R5bGUiOiJhY2NvcmRpb24iLCJmaWx0ZXJzTW9kZSI6ImF1dG8iLCJwb3N0c1BlclBhZ2UiOiI0IiwiaGlkZUZpbHRlcnMiOnRydWUsImhpZGVQYWdpbmF0aW9uIjp0cnVlLCJzaG93U2VhcmNoIjpudWxsLCJzaG93QXBwbGllZCI6ZmFsc2UsInNob3dQZXJQYWdlRHJvcGRvd24iOnRydWUsImN0YSI6bnVsbCwiaXNQYXJlbnQiOmZhbHNlLCJzZWFyY2hUZXh0IjpudWxsLCJpZCI6ImNvbXAtNjlkMGRlZmQzYTZkYiJ9\">\n        <router-view><\/router-view>\n    <script>\n        window.listingFilters = [{\"id\":\"languages\",\"title\":\"Languages\",\"hidden\":false,\"opened\":false,\"route\":{\"key\":\"languages\",\"type\":\"query\"},\"choices\":[{\"id\":522,\"title\":\"English\",\"value\":\"english\",\"parent\":false,\"checked\":false,\"opened\":false,\"categories\":[],\"sub_choices\":[]},{\"id\":523,\"title\":\"Chinese\",\"value\":\"chinese\",\"parent\":false,\"checked\":false,\"opened\":false,\"categories\":[],\"sub_choices\":[]},{\"id\":631,\"title\":\"Spanish\",\"value\":\"spanish\",\"parent\":false,\"checked\":false,\"opened\":false,\"categories\":[],\"sub_choices\":[]},{\"id\":633,\"title\":\"Portuguese\",\"value\":\"portuguese\",\"parent\":false,\"checked\":false,\"opened\":false,\"categories\":[],\"sub_choices\":[]},{\"id\":629,\"title\":\"French\",\"value\":\"french\",\"parent\":false,\"checked\":false,\"opened\":false,\"categories\":[],\"sub_choices\":[]},{\"id\":630,\"title\":\"German\",\"value\":\"german\",\"parent\":false,\"checked\":false,\"opened\":false,\"categories\":[],\"sub_choices\":[]},{\"id\":680,\"title\":\"Bulgarian\",\"value\":\"bulgarian\",\"parent\":false,\"checked\":false,\"opened\":false,\"categories\":[],\"sub_choices\":[]},{\"id\":632,\"title\":\"Japanese\",\"value\":\"japanese\",\"parent\":false,\"checked\":false,\"opened\":false,\"categories\":[],\"sub_choices\":[]},{\"id\":711,\"title\":\"Italian\",\"value\":\"italian\",\"parent\":false,\"checked\":false,\"opened\":false,\"categories\":[],\"sub_choices\":[]}]},{\"id\":\"resource-type\",\"title\":\"Resource Type\",\"hidden\":false,\"opened\":false,\"route\":{\"key\":\"resource-type\",\"type\":\"query\"},\"choices\":[]}];\n        window.listingPosts = {\"posts\":[],\"total\":0,\"max_num_pages\":0};\n\t<\/script><\/div>\n    <link rel=\"stylesheet\" href=\"https:\/\/unpkg.com\/vue-multiselect\/dist\/vue-multiselect.min.css\">\n    <\/section>\n\n<section  data-block-id=\"hammer_block_7f0c85da3e9fe2f0049ad4843f06527b\" data-block=\"text-5\" class=\"block block-text-5 text-5 bg-dark spacing-top-default spacing-bottom-default\">    <div class=\"wrapper\">\n        <div class=\"contents\">\n            <div class=\"left\">\n                                    <h3 class=\"title\">\u2014 Transformer des vies avec des produits innovants et fiables, ancr\u00e9s dans l\u2019int\u00e9grit\u00e9 et la durabilit\u00e9.<\/h3>\n                \n            <\/div>\n\n            <div class=\"right\">\n                            <\/div>\n        <\/div>\n    <\/div>\n    <\/section>\n\n<section  data-block-id=\"hammer_block_f4e2d2dc043b2fdca8749a50e8450ab4\" data-block=\"cta-banner-8\" class=\"block block-cta-banner-8 cta-banner-8 spacing-top-default spacing-bottom-large\">    <div class=\"wrapper\">\n        <div class=\"banner\">\n                            <div class=\"headline-wrapper\">\n                                        <h2 id=\"hammer_component_69d0defd7356b\" data-component=\"headline\" class=\"component component-headline headline style-default\">&mdash; Parlez-nous : votre ligne directe vers l&rsquo;assistance et les solutions.<\/h2>\n                <\/div>\n            \n                            <div class=\"text-wrapper\">\n                    <div id=\"hammer_component_69d0defd73674\" data-component=\"rich-text\" class=\"component component-rich-text rich-text\"><p>Contactez Basler Electric d&egrave;s aujourd&rsquo;hui pour obtenir des informations suppl&eacute;mentaires sur nos services et produits.<\/p>\n<\/div>\n                                            <div class=\"actions\">\n                            <a id=\"hammer_component_69d0defd736d9\" data-component=\"button\" class=\"component component-button button style-primary\" href=\"https:\/\/www.basler.com\/fr\/contactez-nous\/\" target=\"\" title=\"Contactez-nous\" aria-label=\"Contactez-nous\">    <span class=\"button-wrapper\">\n                    <strong class=\"button-text\">Contactez-nous<\/strong>\n        \n                    <span class=\"icon-wrapper\" aria-hidden=\"true\">\n                <span class=\"button-icon\">\n                    <?xml version=\"1.0\" encoding=\"UTF-8\"?> <svg xmlns=\"http:\/\/www.w3.org\/2000\/svg\" width=\"8\" height=\"8\" viewbox=\"0 0 8 8\" fill=\"currentColor\"><path fill-rule=\"evenodd\" clip-rule=\"evenodd\" d=\"M7.25606 1.27007L0.526065 8L0 7.47393L6.73 0.743975H0.789112V0H8.00004V7.21087H7.25606V1.27007Z\" fill=\"currentColor\"><\/path><\/svg>                 <\/span>\n            <\/span>\n            <\/span>\n    <\/a>\n                        <\/div>\n                                    <\/div>\n            \n            <div id=\"hammer_component_69d0defd73822\" data-component=\"image-video\" class=\"component component-image-video image-video\"><figure id=\"hammer_component_69d0defd73839\" data-component=\"image\" class=\"component component-image image has-overlay\">\n        <picture class=\"picture\">\n            <img decoding=\"async\" width=\"1560\" height=\"720\" src=\"https:\/\/www.basler.com\/wp-content\/uploads\/2024\/11\/Banner-1.jpg\" class=\"img\" alt=\"\" loading=\"lazy\" title=\"\" srcset=\"https:\/\/www.basler.com\/wp-content\/uploads\/2024\/11\/Banner-1.jpg 1560w, https:\/\/www.basler.com\/wp-content\/uploads\/2024\/11\/Banner-1-768x354.jpg 768w, https:\/\/www.basler.com\/wp-content\/uploads\/2024\/11\/Banner-1-1024x473.jpg 1024w, https:\/\/www.basler.com\/wp-content\/uploads\/2024\/11\/Banner-1-150x69.jpg 150w, https:\/\/www.basler.com\/wp-content\/uploads\/2024\/11\/Banner-1-414x191.jpg 414w\" sizes=\"auto, (max-width: 1560px) 100vw, 1560px\">        <\/picture>\n\n            <\/figure>\n<\/div>\n        <\/div>\n    <\/div>\n    <\/section>","protected":false},"excerpt":{"rendered":"<p>Accessory kit part number 9576530100 is used when making SGC-150 or SMC-150 connections to ensure electromagnetic compatibility (EMC) in an installation requiring CE compliance.<\/p>\n","protected":false},"author":1,"featured_media":0,"parent":0,"menu_order":337,"template":"","product-category":[684,642],"class_list":["post-31552","product","type-product","status-publish","hentry","product-category-excitation-system-accessories","product-category-accessories"],"acf":[],"yoast_head":"<!-- This site is optimized with the Yoast SEO plugin v26.3 - https:\/\/yoast.com\/wordpress\/plugins\/seo\/ -->\n<title>CE Filter Kit for SGC-150 or SMC-150 (9576530100) | Basler Electric<\/title>\n<meta name=\"description\" content=\"Accessory kit part number 9576530100 is used when making SGC-150 or SMC-150 connections to ensure electromagnetic compatibility (EMC) in an installation requiring CE compliance.\" \/>\n<meta name=\"robots\" content=\"index, follow, max-snippet:-1, max-image-preview:large, max-video-preview:-1\" \/>\n<link rel=\"canonical\" href=\"https:\/\/www.basler.com\/fr\/product\/ce-filter-kit\/\" \/>\n<meta property=\"og:locale\" content=\"fr_FR\" \/>\n<meta property=\"og:type\" content=\"article\" \/>\n<meta property=\"og:title\" content=\"CE Filter Kit for SGC-150 or SMC-150 (9576530100) | Basler Electric\" \/>\n<meta property=\"og:description\" content=\"Accessory kit part number 9576530100 is used when making SGC-150 or SMC-150 connections to ensure electromagnetic compatibility (EMC) in an installation requiring CE compliance.\" \/>\n<meta property=\"og:url\" content=\"https:\/\/www.basler.com\/fr\/product\/ce-filter-kit\/\" \/>\n<meta property=\"og:site_name\" content=\"Basler Electric\" \/>\n<meta property=\"article:modified_time\" content=\"2025-09-04T20:08:59+00:00\" \/>\n<meta property=\"og:image\" content=\"https:\/\/www.basler.com\/wp-content\/uploads\/2025\/07\/Basler-Default-Image.jpg\" \/>\n\t<meta property=\"og:image:width\" content=\"1920\" \/>\n\t<meta property=\"og:image:height\" content=\"1080\" \/>\n\t<meta property=\"og:image:type\" content=\"image\/jpeg\" \/>\n<meta name=\"twitter:card\" content=\"summary_large_image\" \/>\n<script type=\"application\/ld+json\" class=\"yoast-schema-graph\">{\"@context\":\"https:\/\/schema.org\",\"@graph\":[{\"@type\":\"WebPage\",\"@id\":\"https:\/\/www.basler.com\/fr\/product\/ce-filter-kit\/\",\"url\":\"https:\/\/www.basler.com\/fr\/product\/ce-filter-kit\/\",\"name\":\"CE Filter Kit for SGC-150 or SMC-150 (9576530100) | Basler Electric\",\"isPartOf\":{\"@id\":\"https:\/\/catalog.basler.com\/fr\/#website\"},\"datePublished\":\"2025-06-29T20:31:58+00:00\",\"dateModified\":\"2025-09-04T20:08:59+00:00\",\"description\":\"Accessory kit part number 9576530100 is used when making SGC-150 or SMC-150 connections to ensure electromagnetic compatibility (EMC) in an installation requiring CE compliance.\",\"breadcrumb\":{\"@id\":\"https:\/\/www.basler.com\/fr\/product\/ce-filter-kit\/#breadcrumb\"},\"inLanguage\":\"fr-FR\",\"potentialAction\":[{\"@type\":\"ReadAction\",\"target\":[\"https:\/\/www.basler.com\/fr\/product\/ce-filter-kit\/\"]}]},{\"@type\":\"BreadcrumbList\",\"@id\":\"https:\/\/www.basler.com\/fr\/product\/ce-filter-kit\/#breadcrumb\",\"itemListElement\":[{\"@type\":\"ListItem\",\"position\":1,\"name\":\"Home\",\"item\":\"https:\/\/fr.basler.com\/fr\/\"},{\"@type\":\"ListItem\",\"position\":2,\"name\":\"Products\",\"item\":\"https:\/\/www.basler.com\/fr\/product\/\"},{\"@type\":\"ListItem\",\"position\":3,\"name\":\"CE Filter Kit for SGC-150 or SMC-150 (9576530100)\"}]},{\"@type\":\"WebSite\",\"@id\":\"https:\/\/catalog.basler.com\/fr\/#website\",\"url\":\"https:\/\/catalog.basler.com\/fr\/\",\"name\":\"Basler Electric\",\"description\":\"\",\"publisher\":{\"@id\":\"https:\/\/catalog.basler.com\/fr\/#organization\"},\"potentialAction\":[{\"@type\":\"SearchAction\",\"target\":{\"@type\":\"EntryPoint\",\"urlTemplate\":\"https:\/\/catalog.basler.com\/fr\/?s={search_term_string}\"},\"query-input\":{\"@type\":\"PropertyValueSpecification\",\"valueRequired\":true,\"valueName\":\"search_term_string\"}}],\"inLanguage\":\"fr-FR\"},{\"@type\":\"Organization\",\"@id\":\"https:\/\/catalog.basler.com\/fr\/#organization\",\"name\":\"Basler Electric\",\"url\":\"https:\/\/catalog.basler.com\/fr\/\",\"logo\":{\"@type\":\"ImageObject\",\"inLanguage\":\"fr-FR\",\"@id\":\"https:\/\/catalog.basler.com\/fr\/#\/schema\/logo\/image\/\",\"url\":\"https:\/\/www.basler.com\/wp-content\/uploads\/2025\/10\/Basler-Logo-Favicon.png\",\"contentUrl\":\"https:\/\/www.basler.com\/wp-content\/uploads\/2025\/10\/Basler-Logo-Favicon.png\",\"width\":512,\"height\":512,\"caption\":\"Basler Electric\"},\"image\":{\"@id\":\"https:\/\/catalog.basler.com\/fr\/#\/schema\/logo\/image\/\"}}]}<\/script>\n<!-- \/ Yoast SEO plugin. -->","yoast_head_json":{"title":"CE Filter Kit for SGC-150 or SMC-150 (9576530100) | Basler Electric","description":"Accessory kit part number 9576530100 is used when making SGC-150 or SMC-150 connections to ensure electromagnetic compatibility (EMC) in an installation requiring CE compliance.","robots":{"index":"index","follow":"follow","max-snippet":"max-snippet:-1","max-image-preview":"max-image-preview:large","max-video-preview":"max-video-preview:-1"},"canonical":"https:\/\/www.basler.com\/fr\/product\/ce-filter-kit\/","og_locale":"fr_FR","og_type":"article","og_title":"CE Filter Kit for SGC-150 or SMC-150 (9576530100) | Basler Electric","og_description":"Accessory kit part number 9576530100 is used when making SGC-150 or SMC-150 connections to ensure electromagnetic compatibility (EMC) in an installation requiring CE compliance.","og_url":"https:\/\/www.basler.com\/fr\/product\/ce-filter-kit\/","og_site_name":"Basler Electric","article_modified_time":"2025-09-04T20:08:59+00:00","og_image":[{"width":1920,"height":1080,"url":"https:\/\/www.basler.com\/wp-content\/uploads\/2025\/07\/Basler-Default-Image.jpg","type":"image\/jpeg"}],"twitter_card":"summary_large_image","schema":{"@context":"https:\/\/schema.org","@graph":[{"@type":"WebPage","@id":"https:\/\/www.basler.com\/fr\/product\/ce-filter-kit\/","url":"https:\/\/www.basler.com\/fr\/product\/ce-filter-kit\/","name":"CE Filter Kit for SGC-150 or SMC-150 (9576530100) | Basler Electric","isPartOf":{"@id":"https:\/\/catalog.basler.com\/fr\/#website"},"datePublished":"2025-06-29T20:31:58+00:00","dateModified":"2025-09-04T20:08:59+00:00","description":"Accessory kit part number 9576530100 is used when making SGC-150 or SMC-150 connections to ensure electromagnetic compatibility (EMC) in an installation requiring CE compliance.","breadcrumb":{"@id":"https:\/\/www.basler.com\/fr\/product\/ce-filter-kit\/#breadcrumb"},"inLanguage":"fr-FR","potentialAction":[{"@type":"ReadAction","target":["https:\/\/www.basler.com\/fr\/product\/ce-filter-kit\/"]}]},{"@type":"BreadcrumbList","@id":"https:\/\/www.basler.com\/fr\/product\/ce-filter-kit\/#breadcrumb","itemListElement":[{"@type":"ListItem","position":1,"name":"Home","item":"https:\/\/fr.basler.com\/fr\/"},{"@type":"ListItem","position":2,"name":"Products","item":"https:\/\/www.basler.com\/fr\/product\/"},{"@type":"ListItem","position":3,"name":"CE Filter Kit for SGC-150 or SMC-150 (9576530100)"}]},{"@type":"WebSite","@id":"https:\/\/catalog.basler.com\/fr\/#website","url":"https:\/\/catalog.basler.com\/fr\/","name":"Basler Electric","description":"","publisher":{"@id":"https:\/\/catalog.basler.com\/fr\/#organization"},"potentialAction":[{"@type":"SearchAction","target":{"@type":"EntryPoint","urlTemplate":"https:\/\/catalog.basler.com\/fr\/?s={search_term_string}"},"query-input":{"@type":"PropertyValueSpecification","valueRequired":true,"valueName":"search_term_string"}}],"inLanguage":"fr-FR"},{"@type":"Organization","@id":"https:\/\/catalog.basler.com\/fr\/#organization","name":"Basler Electric","url":"https:\/\/catalog.basler.com\/fr\/","logo":{"@type":"ImageObject","inLanguage":"fr-FR","@id":"https:\/\/catalog.basler.com\/fr\/#\/schema\/logo\/image\/","url":"https:\/\/www.basler.com\/wp-content\/uploads\/2025\/10\/Basler-Logo-Favicon.png","contentUrl":"https:\/\/www.basler.com\/wp-content\/uploads\/2025\/10\/Basler-Logo-Favicon.png","width":512,"height":512,"caption":"Basler Electric"},"image":{"@id":"https:\/\/catalog.basler.com\/fr\/#\/schema\/logo\/image\/"}}]}},"_links":{"self":[{"href":"https:\/\/www.basler.com\/fr\/wp-json\/wp\/v2\/product\/31552","targetHints":{"allow":["GET"]}}],"collection":[{"href":"https:\/\/www.basler.com\/fr\/wp-json\/wp\/v2\/product"}],"about":[{"href":"https:\/\/www.basler.com\/fr\/wp-json\/wp\/v2\/types\/product"}],"author":[{"embeddable":true,"href":"https:\/\/www.basler.com\/fr\/wp-json\/wp\/v2\/users\/1"}],"wp:attachment":[{"href":"https:\/\/www.basler.com\/fr\/wp-json\/wp\/v2\/media?parent=31552"}],"wp:term":[{"taxonomy":"product-category","embeddable":true,"href":"https:\/\/www.basler.com\/fr\/wp-json\/wp\/v2\/product-category?post=31552"}],"curies":[{"name":"wp","href":"https:\/\/api.w.org\/{rel}","templated":true}]}}