{"id":31992,"date":"2025-06-29T15:34:45","date_gmt":"2025-06-29T20:34:45","guid":{"rendered":"https:\/\/www.basler.com\/product\/be1-flex-io-board-5-input-2-output-form-a-2-output-form-c-with-spring-terminals-ioab-w9-s\/"},"modified":"2026-02-26T16:39:46","modified_gmt":"2026-02-26T22:39:46","slug":"be1-flex-io-board-5-input-2-output-form-a-2-output-form-c-with-spring-terminals-ioab-w9-s","status":"publish","type":"product","link":"https:\/\/www.basler.com\/fr\/product\/be1-flex-io-board-5-input-2-output-form-a-2-output-form-c-with-spring-terminals-ioab-w9-s\/","title":{"rendered":"BE1-FLEX I\/O Board: 5 input, 2 output form A, 2 output form C, with spring terminals (IOAB-W9-S)"},"content":{"rendered":"<section  data-block-id=\"hammer_block_f5959b4cae8ee9f98173a5d3f4f6c795\" data-block=\"hero-10\" class=\"block block-hero-10 hero-10\" id=\"overview\">    <div class=\"wrapper\">\n        <div class=\"left_content\">\n                            <div class=\"headline-wrapper\">\n                                            <strong class=\"overline\">Accessories<\/strong>\n                    \n                    <h1 id=\"hammer_component_69d0e2da23af8\" data-component=\"headline\" class=\"component component-headline headline large style-default\">BE1-FLEX I\/O Board: 5 input, 2 output form A, 2 output form C, with spring terminals (IOAB-W9-S)<\/h1>\n                <\/div>\n            \n                            <div id=\"hammer_component_69d0e2da23bf7\" data-component=\"rich-text\" class=\"component component-rich-text rich-text\">BE1-FLEX I\/O Board: 5 input, 2 output form A, 2 output form C, with spring terminals (IOAB-W9-S)<\/div>\n            \n                                                <div class=\"buttons\">\n                                                                                                    \n                                            <\/div>\n                                    <\/div>\n\n                    <div class=\"right_content\">\n                <div class=\"slider slider-main\">\n                    <div class=\"swiper-wrapper\">\n                                                    <div class=\"swiper-slide\">\n                                                                    <figure id=\"hammer_component_69d0e2da243fb\" data-component=\"image\" class=\"component component-image image\">\n        <picture class=\"picture\">\n            <img decoding=\"async\" width=\"1084\" height=\"600\" src=\"https:\/\/www.basler.com\/wp-content\/uploads\/2025\/06\/IOAB-W9-1.png\" class=\"img\" alt=\"\" loading=\"lazy\" title=\"\" srcset=\"https:\/\/www.basler.com\/wp-content\/uploads\/2025\/06\/IOAB-W9-1.png 1084w, https:\/\/www.basler.com\/wp-content\/uploads\/2025\/06\/IOAB-W9-1-768x425.png 768w, https:\/\/www.basler.com\/wp-content\/uploads\/2025\/06\/IOAB-W9-1-1024x567.png 1024w, https:\/\/www.basler.com\/wp-content\/uploads\/2025\/06\/IOAB-W9-1-150x83.png 150w, https:\/\/www.basler.com\/wp-content\/uploads\/2025\/06\/IOAB-W9-1-414x229.png 414w\" sizes=\"auto, (max-width: 1084px) 100vw, 1084px\">        <\/picture>\n\n            <\/figure>\n                                                            <\/div>\n                                            <\/div>\n                <\/div>\n\n                            <\/div>\n            <\/div>\n    <\/section>\n\n<section  data-block-id=\"hammer_block_dbe43b5802ee344491421651a613e69b\" data-block=\"text-5\" class=\"block block-text-5 text-5 bg-dark spacing-top-default spacing-bottom-default\">    <div class=\"wrapper\">\n        <div class=\"contents\">\n            <div class=\"left\">\n                                    <h3 class=\"title\">\u2014 Transformer des vies avec des produits innovants et fiables, ancr\u00e9s dans l\u2019int\u00e9grit\u00e9 et la durabilit\u00e9.<\/h3>\n                \n            <\/div>\n\n            <div class=\"right\">\n                            <\/div>\n        <\/div>\n    <\/div>\n    <\/section>\n\n\n\n<section  data-block-id=\"hammer_block_c214ef8e5321be3c9c7b66b2b95dbabb\" data-block=\"cta-banner-8\" class=\"block block-cta-banner-8 cta-banner-8 spacing-top-default spacing-bottom-large\">    <div class=\"wrapper\">\n        <div class=\"banner\">\n                            <div class=\"headline-wrapper\">\n                                        <h2 id=\"hammer_component_69d0e2da54b47\" data-component=\"headline\" class=\"component component-headline headline style-default\">&mdash; Parlez-nous : votre ligne directe vers l&rsquo;assistance et les solutions.<\/h2>\n                <\/div>\n            \n                            <div class=\"text-wrapper\">\n                    <div id=\"hammer_component_69d0e2da54bd4\" data-component=\"rich-text\" class=\"component component-rich-text rich-text\"><p>Contactez Basler Electric d&egrave;s aujourd&rsquo;hui pour obtenir des informations suppl&eacute;mentaires sur nos services et produits.<\/p>\n<\/div>\n                                            <div class=\"actions\">\n                            <a id=\"hammer_component_69d0e2da54c12\" data-component=\"button\" class=\"component component-button button style-primary\" href=\"https:\/\/www.basler.com\/fr\/contactez-nous\/\" target=\"\" title=\"Contactez-nous\" aria-label=\"Contactez-nous\">    <span class=\"button-wrapper\">\n                    <strong class=\"button-text\">Contactez-nous<\/strong>\n        \n                    <span class=\"icon-wrapper\" aria-hidden=\"true\">\n                <span class=\"button-icon\">\n                    <?xml version=\"1.0\" encoding=\"UTF-8\"?> <svg xmlns=\"http:\/\/www.w3.org\/2000\/svg\" width=\"8\" height=\"8\" viewbox=\"0 0 8 8\" fill=\"currentColor\"><path fill-rule=\"evenodd\" clip-rule=\"evenodd\" d=\"M7.25606 1.27007L0.526065 8L0 7.47393L6.73 0.743975H0.789112V0H8.00004V7.21087H7.25606V1.27007Z\" fill=\"currentColor\"><\/path><\/svg>                 <\/span>\n            <\/span>\n            <\/span>\n    <\/a>\n                        <\/div>\n                                    <\/div>\n            \n            <div id=\"hammer_component_69d0e2da54d14\" data-component=\"image-video\" class=\"component component-image-video image-video\"><figure id=\"hammer_component_69d0e2da54d41\" data-component=\"image\" class=\"component component-image image has-overlay\">\n        <picture class=\"picture\">\n            <img decoding=\"async\" width=\"1560\" height=\"720\" src=\"https:\/\/www.basler.com\/wp-content\/uploads\/2024\/11\/Banner-1.jpg\" class=\"img\" alt=\"\" loading=\"lazy\" title=\"\" srcset=\"https:\/\/www.basler.com\/wp-content\/uploads\/2024\/11\/Banner-1.jpg 1560w, https:\/\/www.basler.com\/wp-content\/uploads\/2024\/11\/Banner-1-768x354.jpg 768w, https:\/\/www.basler.com\/wp-content\/uploads\/2024\/11\/Banner-1-1024x473.jpg 1024w, https:\/\/www.basler.com\/wp-content\/uploads\/2024\/11\/Banner-1-150x69.jpg 150w, https:\/\/www.basler.com\/wp-content\/uploads\/2024\/11\/Banner-1-414x191.jpg 414w\" sizes=\"auto, (max-width: 1560px) 100vw, 1560px\">        <\/picture>\n\n            <\/figure>\n<\/div>\n        <\/div>\n    <\/div>\n    <\/section>","protected":false},"excerpt":{"rendered":"<p>BE1-FLEX I\/O Board: 5 input, 2 output form A, 2 output form C, with spring terminals (IOAB-W9-S)<\/p>\n","protected":false},"author":1,"featured_media":59887,"parent":0,"menu_order":217,"template":"","product-category":[642,683],"class_list":["post-31992","product","type-product","status-publish","has-post-thumbnail","hentry","product-category-accessories","product-category-protective-relay-accessories"],"acf":[],"yoast_head":"<!-- This site is optimized with the Yoast SEO plugin v26.3 - https:\/\/yoast.com\/wordpress\/plugins\/seo\/ -->\n<title>BE1-FLEX I\/O Board: 5 input, 2 output form A, 2 output form C, with spring terminals (IOAB-W9-S) | Basler Electric<\/title>\n<meta name=\"description\" content=\"BE1-FLEX I\/O Board: 5 input, 2 output form A, 2 output form C, with spring terminals (IOAB-W9-S)\" \/>\n<meta name=\"robots\" content=\"index, follow, max-snippet:-1, max-image-preview:large, max-video-preview:-1\" \/>\n<link rel=\"canonical\" href=\"https:\/\/www.basler.com\/fr\/product\/be1-flex-io-board-5-input-2-output-form-a-2-output-form-c-with-spring-terminals-ioab-w9-s\/\" \/>\n<meta property=\"og:locale\" content=\"fr_FR\" \/>\n<meta property=\"og:type\" content=\"article\" \/>\n<meta property=\"og:title\" content=\"BE1-FLEX I\/O Board: 5 input, 2 output form A, 2 output form C, with spring terminals (IOAB-W9-S) | Basler Electric\" \/>\n<meta property=\"og:description\" content=\"BE1-FLEX I\/O Board: 5 input, 2 output form A, 2 output form C, with spring terminals (IOAB-W9-S)\" \/>\n<meta property=\"og:url\" content=\"https:\/\/www.basler.com\/fr\/product\/be1-flex-io-board-5-input-2-output-form-a-2-output-form-c-with-spring-terminals-ioab-w9-s\/\" \/>\n<meta property=\"og:site_name\" content=\"Basler Electric\" \/>\n<meta property=\"article:modified_time\" content=\"2026-02-26T22:39:46+00:00\" \/>\n<meta property=\"og:image\" content=\"https:\/\/catalog.basler.com\/wp-content\/uploads\/2025\/06\/PP_BE1-FLEX-IO-Board-5-input-2-output-form-A-2-output-form-C-with-spring-terminals-IOAB-W9-S_300x330.png\" \/>\n\t<meta property=\"og:image:width\" content=\"300\" \/>\n\t<meta property=\"og:image:height\" content=\"330\" \/>\n\t<meta property=\"og:image:type\" content=\"image\/png\" \/>\n<meta name=\"twitter:card\" content=\"summary_large_image\" \/>\n<meta name=\"twitter:label1\" content=\"Est. reading time\" \/>\n\t<meta name=\"twitter:data1\" content=\"1 minute\" \/>\n<script type=\"application\/ld+json\" class=\"yoast-schema-graph\">{\"@context\":\"https:\/\/schema.org\",\"@graph\":[{\"@type\":\"WebPage\",\"@id\":\"https:\/\/www.basler.com\/fr\/product\/be1-flex-io-board-5-input-2-output-form-a-2-output-form-c-with-spring-terminals-ioab-w9-s\/\",\"url\":\"https:\/\/www.basler.com\/fr\/product\/be1-flex-io-board-5-input-2-output-form-a-2-output-form-c-with-spring-terminals-ioab-w9-s\/\",\"name\":\"BE1-FLEX I\/O Board: 5 input, 2 output form A, 2 output form C, with spring terminals (IOAB-W9-S) | Basler Electric\",\"isPartOf\":{\"@id\":\"https:\/\/catalog.basler.com\/#website\"},\"primaryImageOfPage\":{\"@id\":\"https:\/\/www.basler.com\/fr\/product\/be1-flex-io-board-5-input-2-output-form-a-2-output-form-c-with-spring-terminals-ioab-w9-s\/#primaryimage\"},\"image\":{\"@id\":\"https:\/\/www.basler.com\/fr\/product\/be1-flex-io-board-5-input-2-output-form-a-2-output-form-c-with-spring-terminals-ioab-w9-s\/#primaryimage\"},\"thumbnailUrl\":\"https:\/\/www.basler.com\/wp-content\/uploads\/2025\/06\/PP_BE1-FLEX-IO-Board-5-input-2-output-form-A-2-output-form-C-with-spring-terminals-IOAB-W9-S_300x330.png\",\"datePublished\":\"2025-06-29T20:34:45+00:00\",\"dateModified\":\"2026-02-26T22:39:46+00:00\",\"description\":\"BE1-FLEX I\/O Board: 5 input, 2 output form A, 2 output form C, with spring terminals (IOAB-W9-S)\",\"breadcrumb\":{\"@id\":\"https:\/\/www.basler.com\/fr\/product\/be1-flex-io-board-5-input-2-output-form-a-2-output-form-c-with-spring-terminals-ioab-w9-s\/#breadcrumb\"},\"inLanguage\":\"fr-FR\",\"potentialAction\":[{\"@type\":\"ReadAction\",\"target\":[\"https:\/\/www.basler.com\/fr\/product\/be1-flex-io-board-5-input-2-output-form-a-2-output-form-c-with-spring-terminals-ioab-w9-s\/\"]}]},{\"@type\":\"ImageObject\",\"inLanguage\":\"fr-FR\",\"@id\":\"https:\/\/www.basler.com\/fr\/product\/be1-flex-io-board-5-input-2-output-form-a-2-output-form-c-with-spring-terminals-ioab-w9-s\/#primaryimage\",\"url\":\"https:\/\/www.basler.com\/wp-content\/uploads\/2025\/06\/PP_BE1-FLEX-IO-Board-5-input-2-output-form-A-2-output-form-C-with-spring-terminals-IOAB-W9-S_300x330.png\",\"contentUrl\":\"https:\/\/www.basler.com\/wp-content\/uploads\/2025\/06\/PP_BE1-FLEX-IO-Board-5-input-2-output-form-A-2-output-form-C-with-spring-terminals-IOAB-W9-S_300x330.png\",\"width\":300,\"height\":330},{\"@type\":\"BreadcrumbList\",\"@id\":\"https:\/\/www.basler.com\/fr\/product\/be1-flex-io-board-5-input-2-output-form-a-2-output-form-c-with-spring-terminals-ioab-w9-s\/#breadcrumb\",\"itemListElement\":[{\"@type\":\"ListItem\",\"position\":1,\"name\":\"Home\",\"item\":\"https:\/\/fr.basler.com\/fr\/\"},{\"@type\":\"ListItem\",\"position\":2,\"name\":\"Products\",\"item\":\"https:\/\/www.basler.com\/fr\/product\/\"},{\"@type\":\"ListItem\",\"position\":3,\"name\":\"BE1-FLEX I\/O Board: 5 input, 2 output form A, 2 output form C, with spring terminals (IOAB-W9-S)\"}]},{\"@type\":\"WebSite\",\"@id\":\"https:\/\/catalog.basler.com\/#website\",\"url\":\"https:\/\/catalog.basler.com\/\",\"name\":\"Basler Electric\",\"description\":\"\",\"publisher\":{\"@id\":\"https:\/\/catalog.basler.com\/#organization\"},\"potentialAction\":[{\"@type\":\"SearchAction\",\"target\":{\"@type\":\"EntryPoint\",\"urlTemplate\":\"https:\/\/catalog.basler.com\/?s={search_term_string}\"},\"query-input\":{\"@type\":\"PropertyValueSpecification\",\"valueRequired\":true,\"valueName\":\"search_term_string\"}}],\"inLanguage\":\"fr-FR\"},{\"@type\":\"Organization\",\"@id\":\"https:\/\/catalog.basler.com\/#organization\",\"name\":\"Basler Electric\",\"url\":\"https:\/\/catalog.basler.com\/\",\"logo\":{\"@type\":\"ImageObject\",\"inLanguage\":\"fr-FR\",\"@id\":\"https:\/\/catalog.basler.com\/#\/schema\/logo\/image\/\",\"url\":\"https:\/\/www.basler.com\/wp-content\/uploads\/2025\/10\/Basler-Logo-Favicon.png\",\"contentUrl\":\"https:\/\/www.basler.com\/wp-content\/uploads\/2025\/10\/Basler-Logo-Favicon.png\",\"width\":512,\"height\":512,\"caption\":\"Basler Electric\"},\"image\":{\"@id\":\"https:\/\/catalog.basler.com\/#\/schema\/logo\/image\/\"}}]}<\/script>\n<!-- \/ Yoast SEO plugin. -->","yoast_head_json":{"title":"BE1-FLEX I\/O Board: 5 input, 2 output form A, 2 output form C, with spring terminals (IOAB-W9-S) | Basler Electric","description":"BE1-FLEX I\/O Board: 5 input, 2 output form A, 2 output form C, with spring terminals (IOAB-W9-S)","robots":{"index":"index","follow":"follow","max-snippet":"max-snippet:-1","max-image-preview":"max-image-preview:large","max-video-preview":"max-video-preview:-1"},"canonical":"https:\/\/www.basler.com\/fr\/product\/be1-flex-io-board-5-input-2-output-form-a-2-output-form-c-with-spring-terminals-ioab-w9-s\/","og_locale":"fr_FR","og_type":"article","og_title":"BE1-FLEX I\/O Board: 5 input, 2 output form A, 2 output form C, with spring terminals (IOAB-W9-S) | Basler Electric","og_description":"BE1-FLEX I\/O Board: 5 input, 2 output form A, 2 output form C, with spring terminals (IOAB-W9-S)","og_url":"https:\/\/www.basler.com\/fr\/product\/be1-flex-io-board-5-input-2-output-form-a-2-output-form-c-with-spring-terminals-ioab-w9-s\/","og_site_name":"Basler Electric","article_modified_time":"2026-02-26T22:39:46+00:00","og_image":[{"width":300,"height":330,"url":"https:\/\/catalog.basler.com\/wp-content\/uploads\/2025\/06\/PP_BE1-FLEX-IO-Board-5-input-2-output-form-A-2-output-form-C-with-spring-terminals-IOAB-W9-S_300x330.png","type":"image\/png"}],"twitter_card":"summary_large_image","twitter_misc":{"Est. reading time":"1 minute"},"schema":{"@context":"https:\/\/schema.org","@graph":[{"@type":"WebPage","@id":"https:\/\/www.basler.com\/fr\/product\/be1-flex-io-board-5-input-2-output-form-a-2-output-form-c-with-spring-terminals-ioab-w9-s\/","url":"https:\/\/www.basler.com\/fr\/product\/be1-flex-io-board-5-input-2-output-form-a-2-output-form-c-with-spring-terminals-ioab-w9-s\/","name":"BE1-FLEX I\/O Board: 5 input, 2 output form A, 2 output form C, with spring terminals (IOAB-W9-S) | Basler Electric","isPartOf":{"@id":"https:\/\/catalog.basler.com\/#website"},"primaryImageOfPage":{"@id":"https:\/\/www.basler.com\/fr\/product\/be1-flex-io-board-5-input-2-output-form-a-2-output-form-c-with-spring-terminals-ioab-w9-s\/#primaryimage"},"image":{"@id":"https:\/\/www.basler.com\/fr\/product\/be1-flex-io-board-5-input-2-output-form-a-2-output-form-c-with-spring-terminals-ioab-w9-s\/#primaryimage"},"thumbnailUrl":"https:\/\/www.basler.com\/wp-content\/uploads\/2025\/06\/PP_BE1-FLEX-IO-Board-5-input-2-output-form-A-2-output-form-C-with-spring-terminals-IOAB-W9-S_300x330.png","datePublished":"2025-06-29T20:34:45+00:00","dateModified":"2026-02-26T22:39:46+00:00","description":"BE1-FLEX I\/O Board: 5 input, 2 output form A, 2 output form C, with spring terminals (IOAB-W9-S)","breadcrumb":{"@id":"https:\/\/www.basler.com\/fr\/product\/be1-flex-io-board-5-input-2-output-form-a-2-output-form-c-with-spring-terminals-ioab-w9-s\/#breadcrumb"},"inLanguage":"fr-FR","potentialAction":[{"@type":"ReadAction","target":["https:\/\/www.basler.com\/fr\/product\/be1-flex-io-board-5-input-2-output-form-a-2-output-form-c-with-spring-terminals-ioab-w9-s\/"]}]},{"@type":"ImageObject","inLanguage":"fr-FR","@id":"https:\/\/www.basler.com\/fr\/product\/be1-flex-io-board-5-input-2-output-form-a-2-output-form-c-with-spring-terminals-ioab-w9-s\/#primaryimage","url":"https:\/\/www.basler.com\/wp-content\/uploads\/2025\/06\/PP_BE1-FLEX-IO-Board-5-input-2-output-form-A-2-output-form-C-with-spring-terminals-IOAB-W9-S_300x330.png","contentUrl":"https:\/\/www.basler.com\/wp-content\/uploads\/2025\/06\/PP_BE1-FLEX-IO-Board-5-input-2-output-form-A-2-output-form-C-with-spring-terminals-IOAB-W9-S_300x330.png","width":300,"height":330},{"@type":"BreadcrumbList","@id":"https:\/\/www.basler.com\/fr\/product\/be1-flex-io-board-5-input-2-output-form-a-2-output-form-c-with-spring-terminals-ioab-w9-s\/#breadcrumb","itemListElement":[{"@type":"ListItem","position":1,"name":"Home","item":"https:\/\/fr.basler.com\/fr\/"},{"@type":"ListItem","position":2,"name":"Products","item":"https:\/\/www.basler.com\/fr\/product\/"},{"@type":"ListItem","position":3,"name":"BE1-FLEX I\/O Board: 5 input, 2 output form A, 2 output form C, with spring terminals (IOAB-W9-S)"}]},{"@type":"WebSite","@id":"https:\/\/catalog.basler.com\/#website","url":"https:\/\/catalog.basler.com\/","name":"Basler Electric","description":"","publisher":{"@id":"https:\/\/catalog.basler.com\/#organization"},"potentialAction":[{"@type":"SearchAction","target":{"@type":"EntryPoint","urlTemplate":"https:\/\/catalog.basler.com\/?s={search_term_string}"},"query-input":{"@type":"PropertyValueSpecification","valueRequired":true,"valueName":"search_term_string"}}],"inLanguage":"fr-FR"},{"@type":"Organization","@id":"https:\/\/catalog.basler.com\/#organization","name":"Basler Electric","url":"https:\/\/catalog.basler.com\/","logo":{"@type":"ImageObject","inLanguage":"fr-FR","@id":"https:\/\/catalog.basler.com\/#\/schema\/logo\/image\/","url":"https:\/\/www.basler.com\/wp-content\/uploads\/2025\/10\/Basler-Logo-Favicon.png","contentUrl":"https:\/\/www.basler.com\/wp-content\/uploads\/2025\/10\/Basler-Logo-Favicon.png","width":512,"height":512,"caption":"Basler Electric"},"image":{"@id":"https:\/\/catalog.basler.com\/#\/schema\/logo\/image\/"}}]}},"_links":{"self":[{"href":"https:\/\/www.basler.com\/fr\/wp-json\/wp\/v2\/product\/31992","targetHints":{"allow":["GET"]}}],"collection":[{"href":"https:\/\/www.basler.com\/fr\/wp-json\/wp\/v2\/product"}],"about":[{"href":"https:\/\/www.basler.com\/fr\/wp-json\/wp\/v2\/types\/product"}],"author":[{"embeddable":true,"href":"https:\/\/www.basler.com\/fr\/wp-json\/wp\/v2\/users\/1"}],"wp:featuredmedia":[{"embeddable":true,"href":"https:\/\/www.basler.com\/fr\/wp-json\/wp\/v2\/media\/59887"}],"wp:attachment":[{"href":"https:\/\/www.basler.com\/fr\/wp-json\/wp\/v2\/media?parent=31992"}],"wp:term":[{"taxonomy":"product-category","embeddable":true,"href":"https:\/\/www.basler.com\/fr\/wp-json\/wp\/v2\/product-category?post=31992"}],"curies":[{"name":"wp","href":"https:\/\/api.w.org\/{rel}","templated":true}]}}