{"id":37126,"date":"2025-07-01T12:54:51","date_gmt":"2025-07-01T17:54:51","guid":{"rendered":"https:\/\/www.basler.com\/product\/ufov260a\/"},"modified":"2025-08-13T11:23:40","modified_gmt":"2025-08-13T16:23:40","slug":"ufov260a","status":"publish","type":"product","link":"https:\/\/www.basler.com\/fr\/product\/ufov260a\/","title":{"rendered":"UFOV260A"},"content":{"rendered":"<section  data-block-id=\"hammer_block_749fb54529bccafa5d385abb77f3f566\" data-block=\"hero-10\" class=\"block block-hero-10 hero-10\" id=\"overview\">    <div class=\"wrapper\">\n        <div class=\"left_content\">\n                            <div class=\"headline-wrapper\">\n                    \n                    <h1 id=\"hammer_component_69d0f0c43f7e6\" data-component=\"headline\" class=\"component component-headline headline style-default\">UFOV260A<\/h1>\n                <\/div>\n            \n            \n                                                <div class=\"obsolete\">\n                                                    <p>This item is no longer available for sale with no direct replacement. However, Basler offers multiple replacement options. Please contact our technical support team or your local representative for available options.<\/p>\n                                            <\/div>\n                                    <\/div>\n\n                    <div class=\"right_content\">\n                <div class=\"slider slider-main\">\n                    <div class=\"swiper-wrapper\">\n                                                    <div class=\"swiper-slide\">\n                                                                    <figure id=\"hammer_component_69d0f0c43f896\" data-component=\"image\" class=\"component component-image image\">\n        <picture class=\"picture\">\n            <img decoding=\"async\" width=\"1920\" height=\"1080\" src=\"https:\/\/www.basler.com\/wp-content\/uploads\/2025\/09\/New-Website-Megamenu-Images-V2-22-2.jpg\" class=\"img\" alt=\"\" loading=\"lazy\" title=\"\" srcset=\"https:\/\/www.basler.com\/wp-content\/uploads\/2025\/09\/New-Website-Megamenu-Images-V2-22-2.jpg 1920w, https:\/\/www.basler.com\/wp-content\/uploads\/2025\/09\/New-Website-Megamenu-Images-V2-22-2-768x432.jpg 768w, https:\/\/www.basler.com\/wp-content\/uploads\/2025\/09\/New-Website-Megamenu-Images-V2-22-2-1024x576.jpg 1024w, https:\/\/www.basler.com\/wp-content\/uploads\/2025\/09\/New-Website-Megamenu-Images-V2-22-2-150x84.jpg 150w, https:\/\/www.basler.com\/wp-content\/uploads\/2025\/09\/New-Website-Megamenu-Images-V2-22-2-414x233.jpg 414w, https:\/\/www.basler.com\/wp-content\/uploads\/2025\/09\/New-Website-Megamenu-Images-V2-22-2-1600x900.jpg 1600w\" sizes=\"auto, (max-width: 1920px) 100vw, 1920px\">        <\/picture>\n\n            <\/figure>\n                                                            <\/div>\n                                            <\/div>\n                <\/div>\n\n                            <\/div>\n            <\/div>\n    <\/section>\n\n<section  data-block-id=\"hammer_block_8888ce043b89bb034bb524f97bb6c7d3\" data-block=\"product-documentation-listing\" class=\"block block-product-documentation-listing product-documentation-listing spacing-top-petit spacing-bottom-normal\" id=\"documentation\"><div id=\"listing-app\" class=\"component component-listing listing wrapper ember-entrance listing-product-documentation-listing\" data-component=\"listing\" data-fields=\"eyJwb3N0VHlwZSI6ImRvY3VtZW50IiwibGF5b3V0IjoicHJvZHVjdC1kb2N1bWVudGF0aW9uLWxpc3RpbmciLCJoZWFkbGluZSI6eyJ0ZXh0IjoiQ2VudHJlIGRlIHJlc3NvdXJjZXMiLCJodG1sVGFnIjoiaDIiLCJzdHlsZSI6ImFmZmljaGFnZS1wZXRpdCJ9LCJmaWx0ZXJzIjpbe30se31dLCJmaWx0ZXJzU3R5bGUiOiJhY2NvcmRpb24iLCJmaWx0ZXJzTW9kZSI6ImF1dG8iLCJwb3N0c1BlclBhZ2UiOiI0IiwiaGlkZUZpbHRlcnMiOnRydWUsImhpZGVQYWdpbmF0aW9uIjp0cnVlLCJzaG93U2VhcmNoIjpudWxsLCJzaG93QXBwbGllZCI6ZmFsc2UsInNob3dQZXJQYWdlRHJvcGRvd24iOnRydWUsImN0YSI6bnVsbCwiaXNQYXJlbnQiOmZhbHNlLCJzZWFyY2hUZXh0IjpudWxsLCJpZCI6ImNvbXAtNjlkMGYwYzQ1YTlmMSJ9\">\n        <router-view><\/router-view>\n    <script>\n        window.listingFilters = [{\"id\":\"languages\",\"title\":\"Languages\",\"hidden\":false,\"opened\":false,\"route\":{\"key\":\"languages\",\"type\":\"query\"},\"choices\":[{\"id\":522,\"title\":\"English\",\"value\":\"english\",\"parent\":false,\"checked\":false,\"opened\":false,\"categories\":[],\"sub_choices\":[]},{\"id\":523,\"title\":\"Chinese\",\"value\":\"chinese\",\"parent\":false,\"checked\":false,\"opened\":false,\"categories\":[],\"sub_choices\":[]},{\"id\":631,\"title\":\"Spanish\",\"value\":\"spanish\",\"parent\":false,\"checked\":false,\"opened\":false,\"categories\":[],\"sub_choices\":[]},{\"id\":633,\"title\":\"Portuguese\",\"value\":\"portuguese\",\"parent\":false,\"checked\":false,\"opened\":false,\"categories\":[],\"sub_choices\":[]},{\"id\":629,\"title\":\"French\",\"value\":\"french\",\"parent\":false,\"checked\":false,\"opened\":false,\"categories\":[],\"sub_choices\":[]},{\"id\":630,\"title\":\"German\",\"value\":\"german\",\"parent\":false,\"checked\":false,\"opened\":false,\"categories\":[],\"sub_choices\":[]},{\"id\":680,\"title\":\"Bulgarian\",\"value\":\"bulgarian\",\"parent\":false,\"checked\":false,\"opened\":false,\"categories\":[],\"sub_choices\":[]},{\"id\":632,\"title\":\"Japanese\",\"value\":\"japanese\",\"parent\":false,\"checked\":false,\"opened\":false,\"categories\":[],\"sub_choices\":[]},{\"id\":711,\"title\":\"Italian\",\"value\":\"italian\",\"parent\":false,\"checked\":false,\"opened\":false,\"categories\":[],\"sub_choices\":[]}]},{\"id\":\"resource-type\",\"title\":\"Resource Type\",\"hidden\":false,\"opened\":false,\"route\":{\"key\":\"resource-type\",\"type\":\"query\"},\"choices\":[]}];\n        window.listingPosts = {\"posts\":[{\"id\":6348,\"name\":\"UFOV250A, UFOV260A Instruction Manual, Rev E, English\",\"permalink\":\"https:\\\/\\\/www.basler.com\\\/fr\\\/document\\\/ufov250a-ufov260a-instruction-manual-rev-e-english\\\/\",\"image\":{\"src\":\"https:\\\/\\\/www.basler.com\\\/wp-content\\\/uploads\\\/2025\\\/09\\\/Basler-Default-Image-768x432.jpg\",\"srcset\":\"https:\\\/\\\/www.basler.com\\\/wp-content\\\/uploads\\\/2025\\\/09\\\/Basler-Default-Image-768x432.jpg 768w, https:\\\/\\\/www.basler.com\\\/wp-content\\\/uploads\\\/2025\\\/09\\\/Basler-Default-Image-1024x576.jpg 1024w, https:\\\/\\\/www.basler.com\\\/wp-content\\\/uploads\\\/2025\\\/09\\\/Basler-Default-Image-150x84.jpg 150w, https:\\\/\\\/www.basler.com\\\/wp-content\\\/uploads\\\/2025\\\/09\\\/Basler-Default-Image-414x233.jpg 414w, https:\\\/\\\/www.basler.com\\\/wp-content\\\/uploads\\\/2025\\\/09\\\/Basler-Default-Image-1600x900.jpg 1600w, https:\\\/\\\/www.basler.com\\\/wp-content\\\/uploads\\\/2025\\\/09\\\/Basler-Default-Image.jpg 1920w\",\"sizes\":\"(max-width: 300px) 100vw, 300px\",\"width\":300,\"height\":169,\"alt\":\"\"},\"date\":\"3 April, 2025\",\"datetime\":1743674500,\"excerpt\":\"\",\"document-category\":\"Instruction Manual\",\"document-language\":\"English\",\"document-technical-resource\":\"\",\"document-favorite\":\"Yes\",\"ep_custom_result\":\"\",\"ajax_nonce\":\"bc91e82e0f\",\"actions\":[{\"url\":\"https:\\\/\\\/www.basler.com\\\/fr\\\/resource-hub\\\/manuals\\\/instruction-manual\\\/ufov250a-ufov260a-instruction-manual-rev-e-english\\\/910510099X.pdf?_nonce=bc91e82e0f\",\"type\":\"download\",\"title\":\"Download Document\",\"file_url\":\"https:\\\/\\\/www.basler.com\\\/fr\\\/resource-hub\\\/manuals\\\/instruction-manual\\\/ufov250a-ufov260a-instruction-manual-rev-e-english\\\/910510099X.pdf?_nonce=bc91e82e0f\",\"icon\":\"<svg width=\\\"16\\\" height=\\\"16\\\" viewBox=\\\"0 0 16 16\\\" fill=\\\"none\\\" xmlns=\\\"http:\\\/\\\/www.w3.org\\\/2000\\\/svg\\\">\\n    <path fill-rule=\\\"evenodd\\\" clip-rule=\\\"evenodd\\\"\\n          d=\\\"M7.51252 0.111328L7.51247 10.462L2.94402 5.89351L2.37191 6.46562L7.91704 12.0107L13.4622 6.46558L12.8901 5.89346L8.32158 10.462L8.32161 0.111328H7.51252ZM0.31366 15.8886V11.8431H1.12275V15.0795H14.8773V11.8431H15.6864V15.8886H0.31366Z\\\"\\n          fill=\\\"currentColor\\\"\\\/>\\n<\\\/svg>\\n\",\"icon_file\":\"download-thin\"}],\"description\":\"\"}],\"total\":1,\"max_num_pages\":1};\n\t<\/script><\/div>\n    <link rel=\"stylesheet\" href=\"https:\/\/unpkg.com\/vue-multiselect\/dist\/vue-multiselect.min.css\">\n    <\/section>\n\n<section  data-block-id=\"hammer_block_21006519d1c72e77419c990ba5c6e829\" data-block=\"text-5\" class=\"block block-text-5 text-5 bg-dark spacing-top-default spacing-bottom-default\">    <div class=\"wrapper\">\n        <div class=\"contents\">\n            <div class=\"left\">\n                                    <h3 class=\"title\">\u2014 Transformer des vies avec des produits innovants et fiables, ancr\u00e9s dans l\u2019int\u00e9grit\u00e9 et la durabilit\u00e9.<\/h3>\n                \n            <\/div>\n\n            <div class=\"right\">\n                            <\/div>\n        <\/div>\n    <\/div>\n    <\/section>\n\n<section  data-block-id=\"hammer_block_8f625fb62dda1ce87b5c8034d6193d25\" data-block=\"cta-banner-8\" class=\"block block-cta-banner-8 cta-banner-8 spacing-top-default spacing-bottom-large\">    <div class=\"wrapper\">\n        <div class=\"banner\">\n                            <div class=\"headline-wrapper\">\n                                        <h2 id=\"hammer_component_69d0f0c4d985c\" data-component=\"headline\" class=\"component component-headline headline style-default\">&mdash; Parlez-nous : votre ligne directe vers l&rsquo;assistance et les solutions.<\/h2>\n                <\/div>\n            \n                            <div class=\"text-wrapper\">\n                    <div id=\"hammer_component_69d0f0c4d98d5\" data-component=\"rich-text\" class=\"component component-rich-text rich-text\"><p>Contactez Basler Electric d&egrave;s aujourd&rsquo;hui pour obtenir des informations suppl&eacute;mentaires sur nos services et produits.<\/p>\n<\/div>\n                                            <div class=\"actions\">\n                            <a id=\"hammer_component_69d0f0c4d9911\" data-component=\"button\" class=\"component component-button button style-primary\" href=\"https:\/\/www.basler.com\/fr\/contactez-nous\/\" target=\"\" title=\"Contactez-nous\" aria-label=\"Contactez-nous\">    <span class=\"button-wrapper\">\n                    <strong class=\"button-text\">Contactez-nous<\/strong>\n        \n                    <span class=\"icon-wrapper\" aria-hidden=\"true\">\n                <span class=\"button-icon\">\n                    <?xml version=\"1.0\" encoding=\"UTF-8\"?> <svg xmlns=\"http:\/\/www.w3.org\/2000\/svg\" width=\"8\" height=\"8\" viewbox=\"0 0 8 8\" fill=\"currentColor\"><path fill-rule=\"evenodd\" clip-rule=\"evenodd\" d=\"M7.25606 1.27007L0.526065 8L0 7.47393L6.73 0.743975H0.789112V0H8.00004V7.21087H7.25606V1.27007Z\" fill=\"currentColor\"><\/path><\/svg>                 <\/span>\n            <\/span>\n            <\/span>\n    <\/a>\n                        <\/div>\n                                    <\/div>\n            \n            <div id=\"hammer_component_69d0f0c4d9a3a\" data-component=\"image-video\" class=\"component component-image-video image-video\"><figure id=\"hammer_component_69d0f0c4d9a54\" data-component=\"image\" class=\"component component-image image has-overlay\">\n        <picture class=\"picture\">\n            <img decoding=\"async\" width=\"1560\" height=\"720\" src=\"https:\/\/www.basler.com\/wp-content\/uploads\/2024\/11\/Banner-1.jpg\" class=\"img\" alt=\"\" loading=\"lazy\" title=\"\" srcset=\"https:\/\/www.basler.com\/wp-content\/uploads\/2024\/11\/Banner-1.jpg 1560w, https:\/\/www.basler.com\/wp-content\/uploads\/2024\/11\/Banner-1-768x354.jpg 768w, https:\/\/www.basler.com\/wp-content\/uploads\/2024\/11\/Banner-1-1024x473.jpg 1024w, https:\/\/www.basler.com\/wp-content\/uploads\/2024\/11\/Banner-1-150x69.jpg 150w, https:\/\/www.basler.com\/wp-content\/uploads\/2024\/11\/Banner-1-414x191.jpg 414w\" sizes=\"auto, (max-width: 1560px) 100vw, 1560px\">        <\/picture>\n\n            <\/figure>\n<\/div>\n        <\/div>\n    <\/div>\n    <\/section>","protected":false},"excerpt":{"rendered":"","protected":false},"author":1,"featured_media":0,"parent":0,"menu_order":118,"template":"","product-category":[],"class_list":["post-37126","product","type-product","status-publish","hentry"],"acf":[],"yoast_head":"<!-- This site is optimized with the Yoast SEO plugin v26.3 - https:\/\/yoast.com\/wordpress\/plugins\/seo\/ -->\n<title>UFOV260A | Basler Electric<\/title>\n<meta name=\"robots\" content=\"index, follow, max-snippet:-1, max-image-preview:large, max-video-preview:-1\" \/>\n<link rel=\"canonical\" href=\"https:\/\/www.basler.com\/fr\/product\/ufov260a\/\" \/>\n<meta property=\"og:locale\" content=\"fr_FR\" \/>\n<meta property=\"og:type\" content=\"article\" \/>\n<meta property=\"og:title\" content=\"UFOV260A | Basler Electric\" \/>\n<meta property=\"og:url\" content=\"https:\/\/www.basler.com\/fr\/product\/ufov260a\/\" \/>\n<meta property=\"og:site_name\" content=\"Basler Electric\" \/>\n<meta property=\"article:modified_time\" content=\"2025-08-13T16:23:40+00:00\" \/>\n<meta property=\"og:image\" content=\"https:\/\/www.basler.com\/wp-content\/uploads\/2025\/07\/Basler-Default-Image.jpg\" \/>\n\t<meta property=\"og:image:width\" content=\"1920\" \/>\n\t<meta property=\"og:image:height\" content=\"1080\" \/>\n\t<meta property=\"og:image:type\" content=\"image\/jpeg\" \/>\n<meta name=\"twitter:card\" content=\"summary_large_image\" \/>\n<script type=\"application\/ld+json\" class=\"yoast-schema-graph\">{\"@context\":\"https:\/\/schema.org\",\"@graph\":[{\"@type\":\"WebPage\",\"@id\":\"https:\/\/www.basler.com\/fr\/product\/ufov260a\/\",\"url\":\"https:\/\/www.basler.com\/fr\/product\/ufov260a\/\",\"name\":\"UFOV260A | Basler Electric\",\"isPartOf\":{\"@id\":\"https:\/\/catalog.basler.com\/fr\/#website\"},\"datePublished\":\"2025-07-01T17:54:51+00:00\",\"dateModified\":\"2025-08-13T16:23:40+00:00\",\"breadcrumb\":{\"@id\":\"https:\/\/www.basler.com\/fr\/product\/ufov260a\/#breadcrumb\"},\"inLanguage\":\"fr-FR\",\"potentialAction\":[{\"@type\":\"ReadAction\",\"target\":[\"https:\/\/www.basler.com\/fr\/product\/ufov260a\/\"]}]},{\"@type\":\"BreadcrumbList\",\"@id\":\"https:\/\/www.basler.com\/fr\/product\/ufov260a\/#breadcrumb\",\"itemListElement\":[{\"@type\":\"ListItem\",\"position\":1,\"name\":\"Home\",\"item\":\"https:\/\/fr.basler.com\/fr\/\"},{\"@type\":\"ListItem\",\"position\":2,\"name\":\"Products\",\"item\":\"https:\/\/www.basler.com\/fr\/product\/\"},{\"@type\":\"ListItem\",\"position\":3,\"name\":\"UFOV260A\"}]},{\"@type\":\"WebSite\",\"@id\":\"https:\/\/catalog.basler.com\/fr\/#website\",\"url\":\"https:\/\/catalog.basler.com\/fr\/\",\"name\":\"Basler Electric\",\"description\":\"\",\"publisher\":{\"@id\":\"https:\/\/catalog.basler.com\/fr\/#organization\"},\"potentialAction\":[{\"@type\":\"SearchAction\",\"target\":{\"@type\":\"EntryPoint\",\"urlTemplate\":\"https:\/\/catalog.basler.com\/fr\/?s={search_term_string}\"},\"query-input\":{\"@type\":\"PropertyValueSpecification\",\"valueRequired\":true,\"valueName\":\"search_term_string\"}}],\"inLanguage\":\"fr-FR\"},{\"@type\":\"Organization\",\"@id\":\"https:\/\/catalog.basler.com\/fr\/#organization\",\"name\":\"Basler Electric\",\"url\":\"https:\/\/catalog.basler.com\/fr\/\",\"logo\":{\"@type\":\"ImageObject\",\"inLanguage\":\"fr-FR\",\"@id\":\"https:\/\/catalog.basler.com\/fr\/#\/schema\/logo\/image\/\",\"url\":\"https:\/\/www.basler.com\/wp-content\/uploads\/2025\/10\/Basler-Logo-Favicon.png\",\"contentUrl\":\"https:\/\/www.basler.com\/wp-content\/uploads\/2025\/10\/Basler-Logo-Favicon.png\",\"width\":512,\"height\":512,\"caption\":\"Basler Electric\"},\"image\":{\"@id\":\"https:\/\/catalog.basler.com\/fr\/#\/schema\/logo\/image\/\"}}]}<\/script>\n<!-- \/ Yoast SEO plugin. -->","yoast_head_json":{"title":"UFOV260A | Basler Electric","robots":{"index":"index","follow":"follow","max-snippet":"max-snippet:-1","max-image-preview":"max-image-preview:large","max-video-preview":"max-video-preview:-1"},"canonical":"https:\/\/www.basler.com\/fr\/product\/ufov260a\/","og_locale":"fr_FR","og_type":"article","og_title":"UFOV260A | Basler Electric","og_url":"https:\/\/www.basler.com\/fr\/product\/ufov260a\/","og_site_name":"Basler Electric","article_modified_time":"2025-08-13T16:23:40+00:00","og_image":[{"width":1920,"height":1080,"url":"https:\/\/www.basler.com\/wp-content\/uploads\/2025\/07\/Basler-Default-Image.jpg","type":"image\/jpeg"}],"twitter_card":"summary_large_image","schema":{"@context":"https:\/\/schema.org","@graph":[{"@type":"WebPage","@id":"https:\/\/www.basler.com\/fr\/product\/ufov260a\/","url":"https:\/\/www.basler.com\/fr\/product\/ufov260a\/","name":"UFOV260A | Basler Electric","isPartOf":{"@id":"https:\/\/catalog.basler.com\/fr\/#website"},"datePublished":"2025-07-01T17:54:51+00:00","dateModified":"2025-08-13T16:23:40+00:00","breadcrumb":{"@id":"https:\/\/www.basler.com\/fr\/product\/ufov260a\/#breadcrumb"},"inLanguage":"fr-FR","potentialAction":[{"@type":"ReadAction","target":["https:\/\/www.basler.com\/fr\/product\/ufov260a\/"]}]},{"@type":"BreadcrumbList","@id":"https:\/\/www.basler.com\/fr\/product\/ufov260a\/#breadcrumb","itemListElement":[{"@type":"ListItem","position":1,"name":"Home","item":"https:\/\/fr.basler.com\/fr\/"},{"@type":"ListItem","position":2,"name":"Products","item":"https:\/\/www.basler.com\/fr\/product\/"},{"@type":"ListItem","position":3,"name":"UFOV260A"}]},{"@type":"WebSite","@id":"https:\/\/catalog.basler.com\/fr\/#website","url":"https:\/\/catalog.basler.com\/fr\/","name":"Basler Electric","description":"","publisher":{"@id":"https:\/\/catalog.basler.com\/fr\/#organization"},"potentialAction":[{"@type":"SearchAction","target":{"@type":"EntryPoint","urlTemplate":"https:\/\/catalog.basler.com\/fr\/?s={search_term_string}"},"query-input":{"@type":"PropertyValueSpecification","valueRequired":true,"valueName":"search_term_string"}}],"inLanguage":"fr-FR"},{"@type":"Organization","@id":"https:\/\/catalog.basler.com\/fr\/#organization","name":"Basler Electric","url":"https:\/\/catalog.basler.com\/fr\/","logo":{"@type":"ImageObject","inLanguage":"fr-FR","@id":"https:\/\/catalog.basler.com\/fr\/#\/schema\/logo\/image\/","url":"https:\/\/www.basler.com\/wp-content\/uploads\/2025\/10\/Basler-Logo-Favicon.png","contentUrl":"https:\/\/www.basler.com\/wp-content\/uploads\/2025\/10\/Basler-Logo-Favicon.png","width":512,"height":512,"caption":"Basler Electric"},"image":{"@id":"https:\/\/catalog.basler.com\/fr\/#\/schema\/logo\/image\/"}}]}},"_links":{"self":[{"href":"https:\/\/www.basler.com\/fr\/wp-json\/wp\/v2\/product\/37126","targetHints":{"allow":["GET"]}}],"collection":[{"href":"https:\/\/www.basler.com\/fr\/wp-json\/wp\/v2\/product"}],"about":[{"href":"https:\/\/www.basler.com\/fr\/wp-json\/wp\/v2\/types\/product"}],"author":[{"embeddable":true,"href":"https:\/\/www.basler.com\/fr\/wp-json\/wp\/v2\/users\/1"}],"wp:attachment":[{"href":"https:\/\/www.basler.com\/fr\/wp-json\/wp\/v2\/media?parent=37126"}],"wp:term":[{"taxonomy":"product-category","embeddable":true,"href":"https:\/\/www.basler.com\/fr\/wp-json\/wp\/v2\/product-category?post=37126"}],"curies":[{"name":"wp","href":"https:\/\/api.w.org\/{rel}","templated":true}]}}